{"id":793,"date":"2025-09-26T05:58:05","date_gmt":"2025-09-26T03:58:05","guid":{"rendered":"https:\/\/www.neovape.de\/?post_type=product&#038;p=793"},"modified":"2025-09-29T12:49:43","modified_gmt":"2025-09-29T10:49:43","slug":"waspe-aiviou-60000","status":"publish","type":"product","link":"https:\/\/www.neovape.de\/fr\/product\/waspe-aiviou-60000\/","title":{"rendered":"WASPE AIVIOU 60000"},"content":{"rendered":"<h2>WASPE AIVIOU 60000 bouff\u00e9es | Triple ar\u00f4me Vaporisateur jetable grand format<\/h2>\n<p>D\u00e9couvrez un nouveau niveau de vapotage avec l'e-cigarette Waspe Aiviou 60000 bouff\u00e9es 3 en 1 jetable - un concentr\u00e9 d'endurance, de saveurs et de technologie de pointe. Sp\u00e9cialement con\u00e7ue pour les utilisateurs intensifs et les amateurs d'ar\u00f4mes, cette vape Waspe \u00e0 triple maille et \u00e0 grand nombre de bouff\u00e9es offre trois compartiments ind\u00e9pendants de 18 ml (54 ml au total), remplis de liquide de sel de nicotine premium (force 0%\/2%\/5%) et fournit 60 000 bouff\u00e9es par appareil, ce qui est \u00e0 la pointe de l'industrie. Passez sans transition de l'une \u00e0 l'autre des 12 combinaisons multi-ar\u00f4mes - du menthol glac\u00e9 aux m\u00e9langes de fruits tropicaux - qui conviennent \u00e0 toutes les humeurs et \u00e0 tous les go\u00fbts.<\/p>\n<h3>WASPE AIVIOU 60000 bouff\u00e9es Avantages :<\/h3>\n<p>La WASPE 60000 bouff\u00e9es convainc par sa long\u00e9vit\u00e9 exceptionnelle avec son \u00e9norme capacit\u00e9 de 60 000 bouff\u00e9es et sa technologie innovante \u00e0 triple ar\u00f4me. Cette e-cigarette premium jetable offre trois saveurs diff\u00e9rentes dans un seul appareil, aliment\u00e9 par un syst\u00e8me int\u00e9gr\u00e9 de triple maille 0,9\u03a9 pour des bouff\u00e9es douces et une production de vapeur sup\u00e9rieure.<\/p>\n<p>Choisissez parmi 12 options de saveurs magistralement compos\u00e9es avec des m\u00e9langes puissants, fruit\u00e9s et glac\u00e9s. L'appareil combine une capacit\u00e9 g\u00e9n\u00e9reuse de 54 ml d'e-liquide avec une batterie rechargeable fiable de 650 mAh et une charge rapide de type C pour des performances confortables et durables.<\/p>\n<p>Restez inform\u00e9 gr\u00e2ce \u00e0 l'\u00e9cran LED intelligent int\u00e9gr\u00e9 qui affiche l'autonomie de la batterie et le niveau d'e-liquide en temps r\u00e9el. Disponible dans les taux de nicotine 0%, 2% et 5%, le WASPE 60000 r\u00e9pond \u00e0 toutes les pr\u00e9f\u00e9rences de vapotage - des utilisateurs occasionnels aux vapoteurs intensifs qui recherchent une qualit\u00e9 premium et une utilisation avanc\u00e9e.<\/p>\n<h3>Sp\u00e9cifications techniques :<\/h3>\n<ul>\n<li><strong>Trains :<\/strong> Jusqu'\u00e0 60.000 trains<\/li>\n<li><strong>la nicotine :<\/strong> 2%\/5%<\/li>\n<li><strong>Bobine de maille :<\/strong> 0,9\u03a9 + 0,9\u03a9 + 0,9\u03a9<\/li>\n<li><strong>E-liquide :<\/strong> 54ml<\/li>\n<li><strong>Batterie rechargeable :<\/strong> 650mAh<\/li>\n<li><strong>Rechargeable :<\/strong> Type-C<\/li>\n<li><strong>\u00c9cran LED intelligent<\/strong> indique l'autonomie de la batterie et le niveau d'e-liquide<\/li>\n<li><strong>Syst\u00e8me \u00e0 triple ar\u00f4me<\/strong><\/li>\n<li><strong>12 saveurs<\/strong> au choix<\/li>\n<\/ul>\n<h3>D\u00e9couvrez-en plus chez NeoVape<\/h3>\n<p>D\u00e9couvrez l'avenir du vapotage avec l'e-cigarette WASPE AIVIOU 60000 bouff\u00e9es. Pour d'autres produits de vapotage premium et un grand choix d'e-cigarettes de qualit\u00e9, visitez notre <strong><a href=\"https:\/\/www.neovape.de\/fr\/\">Page d'accueil<\/a><\/strong>. D\u00e9couvrez \u00e9galement notre gamme compl\u00e8te <strong><a href=\"https:\/\/www.neovape.de\/fr\/product-category\/waspe-vape\/\">Collection WASPE VAPE<\/a><\/strong> avec des e-cigarettes jetables innovantes et une technologie de vapeur de pointe pour tous les go\u00fbts et tous les besoins.<\/p>","protected":false},"excerpt":{"rendered":"<p class=\"whitespace-normal break-words\">L'e-cigarette WASPE AIVIOU 60000 bouff\u00e9es avec \u00e9cran LED offre 60 000 bouff\u00e9es, 54ml d'e-liquide et une batterie de 650mAh. Syst\u00e8me de triple ar\u00f4me, coils triple-maille, charge de type C, 12 saveurs, taux de nicotine 2-5%. Une r\u00e9volution dans le domaine de la vape jetable premium.<\/p>\n<p class=\"whitespace-normal break-words\">","protected":false},"featured_media":833,"comment_status":"open","ping_status":"closed","template":"","meta":{"_acf_changed":false},"product_brand":[],"product_cat":[21],"product_tag":[],"class_list":{"0":"post-793","1":"product","2":"type-product","3":"status-publish","4":"has-post-thumbnail","6":"product_cat-waspe-vape","8":"first","9":"instock","10":"shipping-taxable","11":"purchasable","12":"product-type-variable"},"acf":[],"_links":{"self":[{"href":"https:\/\/www.neovape.de\/fr\/wp-json\/wp\/v2\/product\/793","targetHints":{"allow":["GET"]}}],"collection":[{"href":"https:\/\/www.neovape.de\/fr\/wp-json\/wp\/v2\/product"}],"about":[{"href":"https:\/\/www.neovape.de\/fr\/wp-json\/wp\/v2\/types\/product"}],"replies":[{"embeddable":true,"href":"https:\/\/www.neovape.de\/fr\/wp-json\/wp\/v2\/comments?post=793"}],"wp:featuredmedia":[{"embeddable":true,"href":"https:\/\/www.neovape.de\/fr\/wp-json\/wp\/v2\/media\/833"}],"wp:attachment":[{"href":"https:\/\/www.neovape.de\/fr\/wp-json\/wp\/v2\/media?parent=793"}],"wp:term":[{"taxonomy":"product_brand","embeddable":true,"href":"https:\/\/www.neovape.de\/fr\/wp-json\/wp\/v2\/product_brand?post=793"},{"taxonomy":"product_cat","embeddable":true,"href":"https:\/\/www.neovape.de\/fr\/wp-json\/wp\/v2\/product_cat?post=793"},{"taxonomy":"product_tag","embeddable":true,"href":"https:\/\/www.neovape.de\/fr\/wp-json\/wp\/v2\/product_tag?post=793"}],"curies":[{"name":"wp","href":"https:\/\/api.w.org\/{rel}","templated":true}]}}