{"id":717,"date":"2025-09-26T05:45:15","date_gmt":"2025-09-26T03:45:15","guid":{"rendered":"https:\/\/www.neovape.de\/?post_type=product&#038;p=717"},"modified":"2025-09-26T05:45:16","modified_gmt":"2025-09-26T03:45:16","slug":"waspe-aiviou-40000","status":"publish","type":"product","link":"https:\/\/www.neovape.de\/fr\/product\/waspe-aiviou-40000\/","title":{"rendered":"WASPE AIVIOU 40000"},"content":{"rendered":"<h2>WASPE AIVIOU 40000 bouff\u00e9es | 36mL, Dual Mesh, 0%-5% nicotine, double ar\u00f4me, jetable Vape en gros<\/h2>\n<p>La WASPE AIVIOU 40000 bouff\u00e9es offre un nombre impressionnant de 40 000 bouff\u00e9es dans une \u00e9l\u00e9gante vape jetable avec fonction double ar\u00f4me. Avec des coils \u00e0 double maille de haute qualit\u00e9, un chargement rapide de type C et 36mL d'e-liquide, vous profiterez de saveurs intenses et durables et d'une satisfaction ultime \u00e0 chaque bouff\u00e9e.<\/p>\n<h2>WASPE AIVIOU 40000 bouff\u00e9es Avantages :<\/h2>\n<p>L'e-cigarette jetable WASPE AIVIOU 40000 bouff\u00e9es offre des performances de pointe avec jusqu'\u00e0 40 000 bouff\u00e9es pour une satisfaction de vapotage prolong\u00e9e. Les doubles bobines de maille de 0,9 ohms assurent une vapeur souple et aromatique ainsi qu'un hit throat intense \u00e0 chaque bouff\u00e9e.<\/p>\n<p>La capacit\u00e9 de 36mL d'e-liquide et la batterie rechargeable de 850mAh permettent des sessions de longue dur\u00e9e avec un minimum de recharges. La charge rapide de type C vous permet d'\u00eatre pr\u00eat \u00e0 tout moment, tandis que l'\u00e9cran LED intelligent indique le niveau de la batterie et de l'e-liquide en temps r\u00e9el.<\/p>\n<p>La commutation double ar\u00f4me vous permet de personnaliser votre exp\u00e9rience entre deux saveurs. Disponible en taux de nicotine 0%, 2% et 5% avec 16 options de go\u00fbt, le WASPE 40000 convient aussi bien aux vapoteurs occasionnels qu'aux vapoteurs exp\u00e9riment\u00e9s.<\/p>\n<h3>Sp\u00e9cifications techniques :<\/h3>\n<p><strong>la nicotine :<\/strong> 0%\/2%\/5%<br \/>\n<strong>Trains :<\/strong> 40 000 trains<br \/>\n<strong>Capacit\u00e9 en e-liquide :<\/strong> 36 mL<br \/>\n<strong>Double coils en maille de 0,9 ohms<\/strong> pour des bouff\u00e9es souples et aromatiques<br \/>\n<strong>Type-C rechargeable<\/strong> pour un chargement rapide<br \/>\n<strong>batterie rechargeable de 850mAh<\/strong><br \/>\n<strong>\u00c9cran LED intelligent<\/strong> indique l'autonomie de la batterie et le niveau d'e-liquide<br \/>\n<strong>Exp\u00e9rience double ar\u00f4me<\/strong><br \/>\n<strong>16 saveurs<\/strong> au choix<\/p>\n<h3>Plus d'informations et de produits<\/h3>\n<p>D\u00e9couvrez notre gamme compl\u00e8te d'e-cigarettes et de produits de vapotage de qualit\u00e9 sur notre <strong><a href=\"https:\/\/www.neovape.de\/fr\/\">Page d'accueil<\/a><\/strong>. Pour d'autres produits WASPE Vape innovants, visitez notre page sp\u00e9ciale sur les produits WASPE. <strong><a href=\"https:\/\/www.neovape.de\/fr\/product-category\/waspe-vape\/\">WASPE VAPE<\/a><\/strong> Page de cat\u00e9gories o\u00f9 vous trouverez les derniers mod\u00e8les et des offres exclusives.<\/p>","protected":false},"excerpt":{"rendered":"<p class=\"whitespace-normal break-words\">L'e-cigarette WASPE AIVIOU 40000 bouff\u00e9es avec \u00e9cran LED offre 40 000 bouff\u00e9es, 36ml d'e-liquide et une batterie de 850mAh. Coils \u00e0 double maille, fonction double ar\u00f4me, charge Type-C, 16 saveurs, taux de nicotine 0-5%. Vaporisateur jetable premium haut de gamme.<\/p>\n<p class=\"whitespace-normal break-words\">","protected":false},"featured_media":781,"comment_status":"open","ping_status":"closed","template":"","meta":{"_acf_changed":false},"product_brand":[],"product_cat":[21],"product_tag":[],"class_list":{"0":"post-717","1":"product","2":"type-product","3":"status-publish","4":"has-post-thumbnail","6":"product_cat-waspe-vape","8":"first","9":"instock","10":"shipping-taxable","11":"purchasable","12":"product-type-variable"},"acf":[],"_links":{"self":[{"href":"https:\/\/www.neovape.de\/fr\/wp-json\/wp\/v2\/product\/717","targetHints":{"allow":["GET"]}}],"collection":[{"href":"https:\/\/www.neovape.de\/fr\/wp-json\/wp\/v2\/product"}],"about":[{"href":"https:\/\/www.neovape.de\/fr\/wp-json\/wp\/v2\/types\/product"}],"replies":[{"embeddable":true,"href":"https:\/\/www.neovape.de\/fr\/wp-json\/wp\/v2\/comments?post=717"}],"wp:featuredmedia":[{"embeddable":true,"href":"https:\/\/www.neovape.de\/fr\/wp-json\/wp\/v2\/media\/781"}],"wp:attachment":[{"href":"https:\/\/www.neovape.de\/fr\/wp-json\/wp\/v2\/media?parent=717"}],"wp:term":[{"taxonomy":"product_brand","embeddable":true,"href":"https:\/\/www.neovape.de\/fr\/wp-json\/wp\/v2\/product_brand?post=717"},{"taxonomy":"product_cat","embeddable":true,"href":"https:\/\/www.neovape.de\/fr\/wp-json\/wp\/v2\/product_cat?post=717"},{"taxonomy":"product_tag","embeddable":true,"href":"https:\/\/www.neovape.de\/fr\/wp-json\/wp\/v2\/product_tag?post=717"}],"curies":[{"name":"wp","href":"https:\/\/api.w.org\/{rel}","templated":true}]}}