{"id":606,"date":"2025-09-26T05:11:27","date_gmt":"2025-09-26T03:11:27","guid":{"rendered":"https:\/\/www.neovape.de\/?post_type=product&#038;p=606"},"modified":"2025-09-26T05:11:27","modified_gmt":"2025-09-26T03:11:27","slug":"waspe-25000","status":"publish","type":"product","link":"https:\/\/www.neovape.de\/fr\/product\/waspe-25000\/","title":{"rendered":"WASPE 25000"},"content":{"rendered":"<h2>WASPE 25000 TRAINS double maille E-cigarette 0% 2% 3% 5% Achat en gros Faible taux de nicotine Rechargeable Stylo vape \u00e0 usage unique<\/h2>\n<p>L'e-cigarette jetable WASPE 25000 est pr\u00e9-remplie avec 25 ml d'e-liquide et offre jusqu'\u00e0 25 000 bouff\u00e9es. L'\u00e9cran classique int\u00e9gr\u00e9 vous rappelle de recharger votre e-cigarette \u00e0 temps. Les doubles coils en maille incarnent une technologie moderne et cette e-cigarette prend en charge le mode boost, tr\u00e8s appr\u00e9ci\u00e9. Par sens des responsabilit\u00e9s, elle dispose d'un contr\u00f4le parental pour emp\u00eacher l'utilisation par des mineurs. La WASPE 25000 offre suffisamment de bouff\u00e9es ainsi que de bons ar\u00f4mes sans ornements pompeux.<\/p>\n<h3>WASPE 25000 TRAINS Avantages :<\/h3>\n<p>L'e-cigarette jetable WASPE 25K bouff\u00e9es \u00e9dition originale \u00e9cran LCD est un dispositif de vapotage avanc\u00e9, con\u00e7u pour des performances et un confort exceptionnels. Avec une \u00e9norme capacit\u00e9 allant jusqu'\u00e0 25 000 bouff\u00e9es, cette e-cigarette jetable garantit une utilisation et une satisfaction de longue dur\u00e9e.<\/p>\n<p>Le WASPE 25K dispose d'une capacit\u00e9 g\u00e9n\u00e9reuse de 25 ml d'e-liquide avec des options de nicotine de 0%, 2% et 5%, qui r\u00e9pondent \u00e0 diff\u00e9rentes pr\u00e9f\u00e9rences. \u00c9quip\u00e9 d'une double bobine en maille, cet appareil renforce la production de vapeur et la diffusion des saveurs, offrant une exp\u00e9rience de vapotage douce et agr\u00e9able.<\/p>\n<p>Pour une utilisation facile, la WASPE 25000 dispose d'un \u00e9cran LCD qui fournit des informations claires et d\u00e9taill\u00e9es en un coup d'\u0153il. Le port de chargement USB Type-C garantit un chargement rapide et efficace et minimise les temps d'arr\u00eat. Avec une capacit\u00e9 de batterie de 650mAh, ce stylo vape offre une \u00e9nergie fiable pour une utilisation prolong\u00e9e.<\/p>\n<h3>Sp\u00e9cifications du produit :<\/h3>\n<ul>\n<li class=\"whitespace-normal break-words\">Batterie rechargeable de 650mAh<\/li>\n<li class=\"whitespace-normal break-words\">Pr\u00e9-rempli avec 25ml d'e-liquide<\/li>\n<li class=\"whitespace-normal break-words\">Deux modes : mode ECO\/Boost<\/li>\n<li class=\"whitespace-normal break-words\">\u00c9cran num\u00e9rique<\/li>\n<li class=\"whitespace-normal break-words\">Nombre de trains : 25.000 trains<\/li>\n<li class=\"whitespace-normal break-words\">S\u00e9curit\u00e9 enfants<\/li>\n<li class=\"whitespace-normal break-words\">0%\/2%\/5% Taux de nicotine<\/li>\n<li class=\"whitespace-normal break-words\">Recharge USB Type-C<\/li>\n<li class=\"whitespace-normal break-words\">Activ\u00e9 par le train<\/li>\n<\/ul>\n<h3>Plus d'informations<\/h3>\n<p>D\u00e9couvrez notre gamme compl\u00e8te d'e-cigarettes et de produits de vapotage de qualit\u00e9 sur notre <strong><a href=\"https:\/\/www.neovape.de\/fr\/\">Page d'accueil<\/a><\/strong>. Pour d\u00e9couvrir d'autres produits WASPE et l'ensemble de la gamme WASPE, visitez notre page sp\u00e9ciale <strong><a href=\"https:\/\/www.neovape.de\/fr\/product-category\/waspe-vape\/\">Cat\u00e9gorie WASPE VAPE<\/a><\/strong>Nous vous invitons \u00e0 visiter notre site web, o\u00f9 vous trouverez une large gamme de cigarettes \u00e9lectroniques WASPE et d'accessoires.<\/p>","protected":false},"excerpt":{"rendered":"<p class=\"whitespace-normal break-words\">L'e-cigarette WASPE 25000 bouff\u00e9es avec \u00e9cran LCD offre 25 000 bouff\u00e9es, 25 ml d'e-liquide et une batterie de 650mAh. Bobine \u00e0 double maille, mode ECO\/Boost, charge Type-C, s\u00e9curit\u00e9 enfants, taux de nicotine 0-5%. Vapo premium jetable avec affichage intelligent.<\/p>\n<p class=\"whitespace-normal break-words\">","protected":false},"featured_media":640,"comment_status":"open","ping_status":"closed","template":"","meta":{"_acf_changed":false},"product_brand":[],"product_cat":[21],"product_tag":[],"class_list":{"0":"post-606","1":"product","2":"type-product","3":"status-publish","4":"has-post-thumbnail","6":"product_cat-waspe-vape","8":"first","9":"instock","10":"shipping-taxable","11":"purchasable","12":"product-type-variable"},"acf":[],"_links":{"self":[{"href":"https:\/\/www.neovape.de\/fr\/wp-json\/wp\/v2\/product\/606","targetHints":{"allow":["GET"]}}],"collection":[{"href":"https:\/\/www.neovape.de\/fr\/wp-json\/wp\/v2\/product"}],"about":[{"href":"https:\/\/www.neovape.de\/fr\/wp-json\/wp\/v2\/types\/product"}],"replies":[{"embeddable":true,"href":"https:\/\/www.neovape.de\/fr\/wp-json\/wp\/v2\/comments?post=606"}],"wp:featuredmedia":[{"embeddable":true,"href":"https:\/\/www.neovape.de\/fr\/wp-json\/wp\/v2\/media\/640"}],"wp:attachment":[{"href":"https:\/\/www.neovape.de\/fr\/wp-json\/wp\/v2\/media?parent=606"}],"wp:term":[{"taxonomy":"product_brand","embeddable":true,"href":"https:\/\/www.neovape.de\/fr\/wp-json\/wp\/v2\/product_brand?post=606"},{"taxonomy":"product_cat","embeddable":true,"href":"https:\/\/www.neovape.de\/fr\/wp-json\/wp\/v2\/product_cat?post=606"},{"taxonomy":"product_tag","embeddable":true,"href":"https:\/\/www.neovape.de\/fr\/wp-json\/wp\/v2\/product_tag?post=606"}],"curies":[{"name":"wp","href":"https:\/\/api.w.org\/{rel}","templated":true}]}}