{"id":5348,"date":"2025-11-28T08:28:41","date_gmt":"2025-11-28T07:28:41","guid":{"rendered":"https:\/\/www.neovape.de\/?post_type=product&#038;p=5348"},"modified":"2025-11-28T08:29:22","modified_gmt":"2025-11-28T07:29:22","slug":"vozol-gear-shisha-25000","status":"publish","type":"product","link":"https:\/\/www.neovape.de\/fr\/product\/vozol-gear-shisha-25000\/","title":{"rendered":"Vozol Gear Shisha 25000"},"content":{"rendered":"<h2>Vozol Gear Shisha 25000 | E-cigarette double mode avec 25 000 bouff\u00e9es et \u00e9cran intelligent<\/h2>\n<p>Le site <strong>Vozol Gear Shisha 25000<\/strong> a \u00e9t\u00e9 con\u00e7u pour vous offrir une exp\u00e9rience de narguil\u00e9 authentique avec des sons de bulles simul\u00e9s. Avec jusqu'\u00e0 <strong>25 000 trajets en mode Eco<\/strong> vous permet de longues sessions de vapotage sans interruption. Le mode Power, quant \u00e0 lui, offre une exp\u00e9rience de vapotage plus intense gr\u00e2ce \u00e0 <strong>Bobines Dual Mesh<\/strong>. Le syst\u00e8me de passage d'air dynamique r\u00e9pond aux besoins de la plupart des vapoteurs DTL pour une bouff\u00e9e imm\u00e9diate et douce. Avec un <strong>Batterie rechargeable 1000 mAh<\/strong>, un g\u00e9n\u00e9reux <strong>R\u00e9servoir d'e-liquide de 24 ml<\/strong> et un <strong>\u00c9cran m\u00e9ga 2,1 pouces<\/strong> La Vozol Gear Shisha 25000 offre un \u00e9quilibre parfait entre durabilit\u00e9, fonctionnalit\u00e9 et confort.<\/p>\n<h3>Vozol Gear Shisha 25000 bouff\u00e9es \u2013 Points forts<\/h3>\n<p>La Vozol Gear Shisha 25000 \u00e9tablit de nouvelles normes pour les cigarettes \u00e9lectroniques jetables en combinant une technologie de pointe avec des fonctionnalit\u00e9s conviviales. \u00c9quip\u00e9e d'un <strong>Batterie puissante de 1000 mAh<\/strong> et <strong>Capacit\u00e9 de 25 ml d'e-liquide<\/strong> Il prend en charge jusqu'\u00e0 25 000 cycles en mode ECO ou 18 000 cycles en mode Power, ce qui est id\u00e9al pour tous ceux qui appr\u00e9cient \u00e0 la fois la long\u00e9vit\u00e9 et l'intensit\u00e9.<\/p>\n<p>Le <strong>Conception \u00e0 double bobine maill\u00e9e<\/strong> de l'appareil, associ\u00e9 au d\u00e9bit d'air r\u00e9glable et au syst\u00e8me de circulation d'air dynamique, garantit une vapeur douce et un go\u00fbt riche en bouche. Le <strong>\u00c9cran couleur 2,1 pouces<\/strong> Affiche en temps r\u00e9el le nombre de tractions, le niveau de batterie et les r\u00e9glages de mode, gr\u00e2ce \u00e0 une puce intelligente qui garantit des performances stables et intelligentes.<\/p>\n<p>Le syst\u00e8me d'interaction audio innovant offre un retour vocal et des notifications sonores, ce qui rend le vapotage encore plus intuitif. La conception \u00e9tanche garantit une exp\u00e9rience plus propre et plus fiable : la Gear Shisha 25000 est le choix id\u00e9al pour les vapoteurs qui recherchent performance, confort et style.<\/p>\n<h3>Vozol Gear Shisha 25000 bouff\u00e9es \u2013 Caract\u00e9ristiques techniques<\/h3>\n<ul>\n<li><strong>Taux de nicotine :<\/strong> 0,5%<\/li>\n<li><strong>Nombre de trains :<\/strong> Mode ECO \u2013 25 000 bouff\u00e9es ; mode Power \u2013 18 000 bouff\u00e9es<\/li>\n<li><strong>Capacit\u00e9 en e-liquide :<\/strong> 25 ml<\/li>\n<li><strong>Batterie rechargeable :<\/strong> Batterie rechargeable 1000 mAh<\/li>\n<li><strong>Coil :<\/strong> Bobine Dual Mesh<\/li>\n<li><strong>Affichage :<\/strong> \u00c9cran couleur 2,1 pouces<\/li>\n<li><strong>flux d'air :<\/strong> Syst\u00e8me Airflow r\u00e9glable<\/li>\n<li><strong>Design :<\/strong> \u00c9tanche<\/li>\n<li><strong>Saveurs :<\/strong> 30 ar\u00f4mes<\/li>\n<li><strong>Emballage :<\/strong> 10 pi\u00e8ces par bo\u00eete<\/li>\n<\/ul>\n<h3 class=\"font-claude-response-body whitespace-normal break-words\"><strong>D\u00e9couvrez la Vozol Gear Shisha 25k chez NeoVape<\/strong><\/h3>\n<p class=\"font-claude-response-body whitespace-normal break-words\">Commandez d\u00e8s maintenant la Vozol Gear Shisha 25000 en ligne sur <strong><a class=\"underline\" href=\"https:\/\/www.neovape.de\/fr\/\">NeoVape<\/a><\/strong> \u2013 Votre boutique en ligne fiable pour les cigarettes \u00e9lectroniques et les produits de vapotage haut de gamme en Allemagne. Dans notre vaste <strong><a class=\"underline\" href=\"https:\/\/www.neovape.de\/fr\/product-category\/vozol-vape\/\">VOZOL VAPE Cat\u00e9gorie<\/a><\/strong> vous trouverez un large choix de cigarettes \u00e9lectroniques jetables innovantes et d'autres produits haut de gamme de la marque VOZOL. B\u00e9n\u00e9ficiez d'une livraison rapide, d'un paiement s\u00e9curis\u00e9 et d'un service client de premier ordre. D\u00e9couvrez une qualit\u00e9 de vapeur exceptionnelle et une technologie de pointe \u2013 commandez d\u00e8s maintenant chez NeoVape !<\/p>","protected":false},"excerpt":{"rendered":"<p class=\"font-claude-response-body whitespace-normal break-words\">La Vozol Gear Shisha 25000 offre une exp\u00e9rience authentique de narguil\u00e9 avec des sons de bulles. 25 000 bouff\u00e9es en mode Eco, 18 000 en mode Power gr\u00e2ce aux doubles r\u00e9sistances mesh. 25 ml d'e-liquide, batterie 1000 mAh, \u00e9cran couleur 2,1 pouces, d\u00e9bit d'air r\u00e9glable. Retour audio, \u00e9tanche. 0,5% de nicotine. 30 ar\u00f4mes !<\/p>\n<p class=\"font-claude-response-body whitespace-normal break-words\">","protected":false},"featured_media":5381,"comment_status":"open","ping_status":"closed","template":"","meta":{"_acf_changed":false},"product_brand":[],"product_cat":[23],"product_tag":[],"class_list":{"0":"post-5348","1":"product","2":"type-product","3":"status-publish","4":"has-post-thumbnail","6":"product_cat-vozol-vape","8":"first","9":"instock","10":"shipping-taxable","11":"purchasable","12":"product-type-variable"},"acf":[],"_links":{"self":[{"href":"https:\/\/www.neovape.de\/fr\/wp-json\/wp\/v2\/product\/5348","targetHints":{"allow":["GET"]}}],"collection":[{"href":"https:\/\/www.neovape.de\/fr\/wp-json\/wp\/v2\/product"}],"about":[{"href":"https:\/\/www.neovape.de\/fr\/wp-json\/wp\/v2\/types\/product"}],"replies":[{"embeddable":true,"href":"https:\/\/www.neovape.de\/fr\/wp-json\/wp\/v2\/comments?post=5348"}],"wp:featuredmedia":[{"embeddable":true,"href":"https:\/\/www.neovape.de\/fr\/wp-json\/wp\/v2\/media\/5381"}],"wp:attachment":[{"href":"https:\/\/www.neovape.de\/fr\/wp-json\/wp\/v2\/media?parent=5348"}],"wp:term":[{"taxonomy":"product_brand","embeddable":true,"href":"https:\/\/www.neovape.de\/fr\/wp-json\/wp\/v2\/product_brand?post=5348"},{"taxonomy":"product_cat","embeddable":true,"href":"https:\/\/www.neovape.de\/fr\/wp-json\/wp\/v2\/product_cat?post=5348"},{"taxonomy":"product_tag","embeddable":true,"href":"https:\/\/www.neovape.de\/fr\/wp-json\/wp\/v2\/product_tag?post=5348"}],"curies":[{"name":"wp","href":"https:\/\/api.w.org\/{rel}","templated":true}]}}