{"id":5081,"date":"2025-11-13T10:27:12","date_gmt":"2025-11-13T09:27:12","guid":{"rendered":"https:\/\/www.neovape.de\/?post_type=product&#038;p=5081"},"modified":"2025-11-13T10:27:12","modified_gmt":"2025-11-13T09:27:12","slug":"bang-king-ice-cool-60000","status":"publish","type":"product","link":"https:\/\/www.neovape.de\/fr\/product\/bang-king-ice-cool-60000\/","title":{"rendered":"Bang King Ice Cool 60000"},"content":{"rendered":"<h2>Bang King Ice Cool 60000 - E-cigarette avec 60 000 bouff\u00e9es, r\u00e9glage du refroidissement en 5 \u00e9tapes, 0%\/2%\/3%\/5% nicotine, 12 saveurs, \u00e9cran LED intelligent | Directement du fabricant<\/h2>\n<p>Le site <strong>Bang King Ice Cool 60000<\/strong> L'e-cigarette jetable offre une exp\u00e9rience de vapotage exceptionnelle avec une capacit\u00e9 de 60 000 bouff\u00e9es, des taux de nicotine flexibles (0% \/ 2% \/ 3% \/ 5%) et un r\u00e9servoir de liquide de 25 ml pour un plaisir de longue dur\u00e9e. \u00c9quip\u00e9e d'une bobine en maille de 1,0 \u03a9 pour une vapeur douce et un go\u00fbt intense et de 5 niveaux de refroidissement r\u00e9glables pour une fra\u00eecheur personnalis\u00e9e, elle garantit une exp\u00e9rience de vapotage sur mesure. La batterie rechargeable de 850 mAh, l'affichage LED en temps r\u00e9el et la recharge rapide de type C augmentent consid\u00e9rablement la facilit\u00e9 d'utilisation.<\/p>\n<h3>Bang King Ice Cool 60000 bouff\u00e9es - Les points forts :<\/h3>\n<p>Le site <strong>Bang King Ice Cool 60000<\/strong> est une e-cigarette jetable innovante qui permet jusqu'\u00e0 60.000 bouff\u00e9es et offre ainsi une long\u00e9vit\u00e9 exceptionnelle. Gr\u00e2ce \u00e0 son syst\u00e8me de coil \u00e0 double maille, elle produit une vapeur douce, intense et savoureuse \u00e0 chaque bouff\u00e9e. L'appareil est aliment\u00e9 par une batterie de 850 mAh \u00e0 charge rapide de type C, ce qui garantit des performances fiables en permanence et un temps d'arr\u00eat minimal entre les phases d'utilisation.<\/p>\n<p>\u00c9quip\u00e9 d'un <strong>\u00c9cran tactile TFT et affichage LED<\/strong>, L'appareil permet de surveiller en temps r\u00e9el l'\u00e9tat de la batterie et le niveau de liquide, ce qui permet de rester inform\u00e9. L'ajustement de la puissance peut \u00eatre activ\u00e9 en appuyant trois fois rapidement, ce qui permet aux utilisateurs de personnaliser l'intensit\u00e9 de leur vapeur. Le <strong>Capteur d'empreintes digitales<\/strong> offre une s\u00e9curit\u00e9 suppl\u00e9mentaire et donne une touche personnelle et conviviale \u00e0 l'appareil.<\/p>\n<p>Disponible en <strong>0%, 2%, 3% et 5% Taux de nicotine<\/strong>, La gamme de produits est tr\u00e8s large et permet de r\u00e9pondre \u00e0 tous les go\u00fbts, de l'absence de nicotine au plaisir intense. Choisissez parmi <strong>12 saveurs soigneusement d\u00e9velopp\u00e9es<\/strong>, Les produits de la marque sont disponibles dans une large gamme de go\u00fbts et d'options qui conviennent \u00e0 tous les palais.<\/p>\n<p>Le site <strong>Bang King Ice Cool 60000<\/strong> \u00e9tablit de nouvelles normes pour les e-cigarettes jetables et associe des fonctionnalit\u00e9s innovantes \u00e0 un design \u00e9l\u00e9gant. Con\u00e7u pour les vapoteurs qui accordent de l'importance \u00e0 la personnalisation et \u00e0 la technologie de pointe, cet appareil offre une exp\u00e9rience de vapotage de premi\u00e8re classe, riche en saveurs et extr\u00eamement satisfaisante, qui se distingue nettement des options traditionnelles.<\/p>\n<h3>Sp\u00e9cifications techniques :<\/h3>\n<p><strong>Nombre de trains :<\/strong> 60.000 trains<br \/>\n<strong>Volume de liquide :<\/strong> 25 ml<br \/>\n<strong>Batterie rechargeable :<\/strong> 850 mAh, rechargeable<br \/>\n<strong>Coil \/ r\u00e9sistance :<\/strong> 1,0 \u03a9 Bobine maill\u00e9e<br \/>\n<strong>Type de charge :<\/strong> Charge rapide USB Type-C<br \/>\n<strong>Niveaux de refroidissement r\u00e9glables :<\/strong> 5 niveaux<br \/>\n<strong>Taux de nicotine :<\/strong> 0%, 2%, 3%, 5%<\/p>\n<h3>D\u00e9couvrez d'autres e-cigarettes premium chez NeoVape<\/h3>\n<p>La Bang King Ice Cool 60000 fait partie de notre vaste gamme d'e-cigarettes jetables de haute qualit\u00e9. Visitez notre <strong><a href=\"https:\/\/www.neovape.de\/fr\/\">Page d'accueil de NeoVape<\/a><\/strong>, Pour d\u00e9couvrir toute la gamme de produits et profiter d'offres int\u00e9ressantes, rendez-vous sur le site de Bang. Vous \u00eates int\u00e9ress\u00e9 par d'autres produits innovants de la s\u00e9rie Bang ? Alors consultez notre <strong><a href=\"https:\/\/www.neovape.de\/fr\/product-category\/bang-vape\/\">Cat\u00e9gorie BANG VAPE<\/a><\/strong> et trouvez l'appareil parfait pour vos besoins individuels en vapeur. Chez NeoVape, vous obtenez des produits originaux directement du fabricant, avec une livraison rapide et un service client de premi\u00e8re classe.<\/p>","protected":false},"excerpt":{"rendered":"<p class=\"font-claude-response-body whitespace-normal break-words\">Le Bang King Ice Cool 60000 offre 60.000 bouff\u00e9es avec \u00e9cran tactile TFT, affichage LED et capteur d'empreintes digitales. Avec un r\u00e9servoir de 25 ml, une batterie de 850 mAh, 5 niveaux de refroidissement, un r\u00e9glage de la puissance et un chargement de type C. Disponible en 0%\/2%\/3%\/5% nicotine, 12 ar\u00f4mes. E-cigarette premium innovante avec une technologie de pointe.<\/p>","protected":false},"featured_media":5134,"comment_status":"open","ping_status":"closed","template":"","meta":{"_acf_changed":false},"product_brand":[],"product_cat":[22],"product_tag":[],"class_list":{"0":"post-5081","1":"product","2":"type-product","3":"status-publish","4":"has-post-thumbnail","6":"product_cat-bang-vape","8":"first","9":"instock","10":"shipping-taxable","11":"purchasable","12":"product-type-variable"},"acf":[],"_links":{"self":[{"href":"https:\/\/www.neovape.de\/fr\/wp-json\/wp\/v2\/product\/5081","targetHints":{"allow":["GET"]}}],"collection":[{"href":"https:\/\/www.neovape.de\/fr\/wp-json\/wp\/v2\/product"}],"about":[{"href":"https:\/\/www.neovape.de\/fr\/wp-json\/wp\/v2\/types\/product"}],"replies":[{"embeddable":true,"href":"https:\/\/www.neovape.de\/fr\/wp-json\/wp\/v2\/comments?post=5081"}],"wp:featuredmedia":[{"embeddable":true,"href":"https:\/\/www.neovape.de\/fr\/wp-json\/wp\/v2\/media\/5134"}],"wp:attachment":[{"href":"https:\/\/www.neovape.de\/fr\/wp-json\/wp\/v2\/media?parent=5081"}],"wp:term":[{"taxonomy":"product_brand","embeddable":true,"href":"https:\/\/www.neovape.de\/fr\/wp-json\/wp\/v2\/product_brand?post=5081"},{"taxonomy":"product_cat","embeddable":true,"href":"https:\/\/www.neovape.de\/fr\/wp-json\/wp\/v2\/product_cat?post=5081"},{"taxonomy":"product_tag","embeddable":true,"href":"https:\/\/www.neovape.de\/fr\/wp-json\/wp\/v2\/product_tag?post=5081"}],"curies":[{"name":"wp","href":"https:\/\/api.w.org\/{rel}","templated":true}]}}