{"id":4986,"date":"2025-11-12T14:24:39","date_gmt":"2025-11-12T13:24:39","guid":{"rendered":"https:\/\/www.neovape.de\/?post_type=product&#038;p=4986"},"modified":"2026-03-16T03:28:43","modified_gmt":"2026-03-16T02:28:43","slug":"razz-bar-40000","status":"publish","type":"product","link":"https:\/\/www.neovape.de\/fr\/product\/razz-bar-40000\/","title":{"rendered":"Razz Bar 40000"},"content":{"rendered":"<h2>E-cigarette jetable Razz Bar 40000 Double Flavors<\/h2>\n<p>L'e-cigarette jetable Razz Bar 40000 Puff est un dispositif de vapotage durable de haute qualit\u00e9 qui allie une technologie de pointe \u00e0 une gamme de saveurs passionnantes. Avec 40 000 bouff\u00e9es, 20 doubles ar\u00f4mes et des fonctionnalit\u00e9s telles que les r\u00e9servoirs doubles \u00e0 coils en maille, la recharge de type C et une batterie rechargeable de 650 mAh, elle offre aux vapoteurs occasionnels comme aux vapoteurs exp\u00e9riment\u00e9s une exp\u00e9rience de vapotage de premi\u00e8re classe. Am\u00e9liorez votre exp\u00e9rience de vapotage d\u00e8s aujourd'hui avec le Razz Bar 40000 et profitez d'un go\u00fbt, d'un confort et d'une performance sup\u00e9rieurs \u00e0 chaque bouff\u00e9e.<\/p>\n<h3>Avantages du Razz Bar 40000 bouff\u00e9es<\/h3>\n<p>Le Razz Bar 40000 offre une exp\u00e9rience de vapotage impressionnante, avec jusqu'\u00e0 40 000 bouff\u00e9es, con\u00e7ue pour des sessions prolong\u00e9es et sans interruption. Cette capacit\u00e9 exceptionnelle garantit aux utilisateurs de pouvoir profiter de leurs ar\u00f4mes pr\u00e9f\u00e9r\u00e9s pendant de longues p\u00e9riodes, sans avoir \u00e0 changer fr\u00e9quemment d'appareil.<\/p>\n<p>Disponible dans les deux taux de nicotine 2% et 5%, cet appareil r\u00e9pond \u00e0 un large \u00e9ventail de pr\u00e9f\u00e9rences, de ceux qui recherchent une exp\u00e9rience plus douce \u00e0 ceux qui pr\u00e9f\u00e8rent un coup de fouet nicotinique plus fort. La capacit\u00e9 g\u00e9n\u00e9reuse de 36 ml d'e-liquide compl\u00e8te parfaitement le nombre \u00e9lev\u00e9 de bouff\u00e9es, \u00e9limine le besoin d'un remplissage constant et garantit une diffusion constante du go\u00fbt pendant toute la dur\u00e9e de vie de l'appareil.<\/p>\n<p>Aliment\u00e9 par une puissante batterie rechargeable de 650 mAh, l'appareil garantit des performances fiables du d\u00e9but \u00e0 la fin. L'int\u00e9gration de la technologie de chargement de type C signifie un chargement rapide et efficace avec un temps d'arr\u00eat minimal, ce qui permet aux utilisateurs de revenir au vapotage plus rapidement que jamais.<\/p>\n<h3>Donn\u00e9es techniques<\/h3>\n<ul>\n<li><strong>Trains :<\/strong> 40 000 trains<\/li>\n<li><strong>la nicotine :<\/strong> 2% \/ 5%<\/li>\n<li><strong>Capacit\u00e9 de la batterie :<\/strong> 650 mAh<\/li>\n<li><strong>E-liquide :<\/strong> 36 ml<\/li>\n<li><strong>Indicateur de performance :<\/strong> Oui<\/li>\n<li><strong>Indicateur de e-liquide :<\/strong> Oui<\/li>\n<li><strong>Rechargeable par USB-C :<\/strong> Oui<\/li>\n<li><strong>Airflow r\u00e9glable :<\/strong> Oui<\/li>\n<li><strong>Bobine en maille :<\/strong> Oui<\/li>\n<\/ul>\n<h3>D\u00e9couvrez-en plus chez NeoVape<\/h3>\n<p>Vous \u00eates int\u00e9ress\u00e9 par le Razz Bar 40000 ou vous souhaitez d\u00e9couvrir d'autres produits de vapotage haut de gamme ? Visitez notre <strong><a href=\"https:\/\/www.neovape.de\/fr\/\">Page d'accueil de NeoVape<\/a><\/strong> pour une s\u00e9lection compl\u00e8te d'e-cigarettes et d'accessoires de qualit\u00e9. Dans notre section sp\u00e9ciale <strong><a href=\"https:\/\/www.neovape.de\/fr\/product-category\/razz-bar-vape\/\">Cat\u00e9gorie RAZZ BAR VAPE<\/a><\/strong> vous trouverez tous les mod\u00e8les de Razz Bar disponibles avec des informations d\u00e9taill\u00e9es sur les produits, les saveurs et des offres exclusives. Profitez d'une livraison rapide, d'un service client de qualit\u00e9 et de la meilleure s\u00e9lection d'e-cigarettes jetables en France.<\/p>","protected":false},"excerpt":{"rendered":"<p class=\"whitespace-normal break-words\">Le Razz Bar 40000 offre jusqu'\u00e0 40.000 bouff\u00e9es dans 20 doubles ar\u00f4mes. Avec 36ml d'e-liquide, une batterie rechargeable de 650mAh, la technologie Mesh Coil et un airflow r\u00e9glable. Syst\u00e8me \u00e0 double r\u00e9servoir pour une vaporisation riche en saveurs. Charge rapide USB-C. Disponible en 2% et 5% nicotine. Parfait pour un plaisir de longue dur\u00e9e.<\/p>","protected":false},"featured_media":5029,"comment_status":"open","ping_status":"closed","template":"","meta":{"_acf_changed":false},"product_brand":[],"product_cat":[34],"product_tag":[],"class_list":{"0":"post-4986","1":"product","2":"type-product","3":"status-publish","4":"has-post-thumbnail","6":"product_cat-razz-bar-vape","8":"first","9":"instock","10":"shipping-taxable","11":"purchasable","12":"product-type-variable"},"acf":[],"_links":{"self":[{"href":"https:\/\/www.neovape.de\/fr\/wp-json\/wp\/v2\/product\/4986","targetHints":{"allow":["GET"]}}],"collection":[{"href":"https:\/\/www.neovape.de\/fr\/wp-json\/wp\/v2\/product"}],"about":[{"href":"https:\/\/www.neovape.de\/fr\/wp-json\/wp\/v2\/types\/product"}],"replies":[{"embeddable":true,"href":"https:\/\/www.neovape.de\/fr\/wp-json\/wp\/v2\/comments?post=4986"}],"wp:featuredmedia":[{"embeddable":true,"href":"https:\/\/www.neovape.de\/fr\/wp-json\/wp\/v2\/media\/5029"}],"wp:attachment":[{"href":"https:\/\/www.neovape.de\/fr\/wp-json\/wp\/v2\/media?parent=4986"}],"wp:term":[{"taxonomy":"product_brand","embeddable":true,"href":"https:\/\/www.neovape.de\/fr\/wp-json\/wp\/v2\/product_brand?post=4986"},{"taxonomy":"product_cat","embeddable":true,"href":"https:\/\/www.neovape.de\/fr\/wp-json\/wp\/v2\/product_cat?post=4986"},{"taxonomy":"product_tag","embeddable":true,"href":"https:\/\/www.neovape.de\/fr\/wp-json\/wp\/v2\/product_tag?post=4986"}],"curies":[{"name":"wp","href":"https:\/\/api.w.org\/{rel}","templated":true}]}}