{"id":493,"date":"2025-09-26T04:38:10","date_gmt":"2025-09-26T02:38:10","guid":{"rendered":"https:\/\/www.neovape.de\/?post_type=product&#038;p=493"},"modified":"2025-10-28T15:04:43","modified_gmt":"2025-10-28T14:04:43","slug":"waspe-15000-digital-box","status":"publish","type":"product","link":"https:\/\/www.neovape.de\/fr\/product\/waspe-15000-digital-box\/","title":{"rendered":"WASPE 15000 Bo\u00eetier num\u00e9rique"},"content":{"rendered":"<h2>WASPE 15000 Digital Box | 0%-5% Nicotine, E-cigarette jetable en gros<\/h2>\n<p>L'e-cigarette jetable WASPE 15000 Digital Box offre jusqu'\u00e0 15 000 bouff\u00e9es et garantit des performances constantes \u00e0 chaque bouff\u00e9e avec une vapeur puissante et riche en saveurs.<\/p>\n<p>\u00c9quip\u00e9 d'une batterie rechargeable de 650mAh et d'un port de chargement rapide de type C, cet appareil permet des sessions de vapotage sans interruption. L'\u00e9cran LCD affiche le niveau de la batterie et de l'e-liquide en temps r\u00e9el, ce qui vous permet de garder un contr\u00f4le total.<\/p>\n<p>Pr\u00e9-remplie avec 22 ml d'e-liquide de haute qualit\u00e9, cette e-cigarette est disponible dans les taux de nicotine 0%, 2%, 3% et 5% et r\u00e9pond \u00e0 diff\u00e9rents go\u00fbts. Le coil en maille de 0,8\u03a9 garantit un flux d'air optimal, un go\u00fbt intense et un d\u00e9veloppement dense de la vapeur.<\/p>\n<h3>WASPE 15000 Digital Box Avantages :<\/h3>\n<ul>\n<li><strong>Taux de nicotine personnalis\u00e9s<\/strong>Choisissez entre 0%, 2%, 3% et 5% de nicotine pour votre exp\u00e9rience de vapotage personnelle.<\/li>\n<li><strong>Utilisation durable<\/strong>capacit\u00e9 de 22 ml d'e-liquide pour jusqu'\u00e0 15 000 bouff\u00e9es<\/li>\n<li><strong>Affichage intelligent<\/strong>: affichage de la batterie et de l'e-liquide pour des informations en temps r\u00e9el sur le niveau de remplissage et l'\u00e9tat de la batterie<\/li>\n<li><strong>Recharge rapide<\/strong>Chargement pratique via le port Type-C avec une batterie rechargeable de 650mAh<\/li>\n<li><strong>Diversit\u00e9 des go\u00fbts<\/strong>choix parmi 10 saveurs diff\u00e9rentes pour tous les go\u00fbts<\/li>\n<\/ul>\n<h3>Donn\u00e9es techniques :<\/h3>\n<p><strong>Nombre de trains<\/strong>: Jusqu'\u00e0 15.000 trains<br \/>\n<strong>Capacit\u00e9 d'e-liquide<\/strong>22ml<br \/>\n<strong>Batterie<\/strong>650mAh, rechargeable<br \/>\n<strong>Prise de charge<\/strong>Port de type C<br \/>\n<strong>Coil<\/strong>: coil en maille pour un go\u00fbt optimal<br \/>\n<strong>Taux de nicotine<\/strong>: 0%, 2%, 3%, 5%<br \/>\n<strong>Go\u00fbts<\/strong>10 options comme la glace \u00e0 la fraise et \u00e0 la past\u00e8que ou au raisin<br \/>\n<strong>\u00c9cran<\/strong>: \u00e9cran LCD pour les informations sur la batterie et le liquide<\/p>\n<h3>Plus d'informations<\/h3>\n<p>D\u00e9couvrez notre gamme compl\u00e8te d'e-cigarettes et de produits de vapotage de qualit\u00e9 dans notre <a href=\"https:\/\/www.neovape.de\/fr\/\"><strong>Boutique en ligne<\/strong><\/a>. Pour d'autres mod\u00e8les et variantes de la s\u00e9rie WASPE, consultez notre page sp\u00e9ciale sur les produits. <a href=\"https:\/\/www.neovape.de\/fr\/product-category\/waspe-vape\/\"><strong>Cat\u00e9gorie WASPE VAPE<\/strong><\/a>Vous trouverez ici un grand choix de produits WASPE avec diff\u00e9rents go\u00fbts et taux de nicotine.<\/p>","protected":false},"excerpt":{"rendered":"<p class=\"whitespace-normal break-words\">La e-cigarette WASPE 15000 Digital Box avec \u00e9cran LCD offre 15 000 bouff\u00e9es, 22ml d'e-liquide et une batterie de 650mAh. Rechargeable via Type-C, coil maill\u00e9 0,8\u03a9, 10 saveurs, taux de nicotine 0-5%. Indicateur intelligent du niveau de batterie et de liquide.<\/p>\n<p class=\"whitespace-normal break-words\">","protected":false},"featured_media":548,"comment_status":"open","ping_status":"closed","template":"","meta":{"_acf_changed":false},"product_brand":[],"product_cat":[21],"product_tag":[],"class_list":{"0":"post-493","1":"product","2":"type-product","3":"status-publish","4":"has-post-thumbnail","6":"product_cat-waspe-vape","8":"first","9":"instock","10":"shipping-taxable","11":"purchasable","12":"product-type-variable"},"acf":[],"_links":{"self":[{"href":"https:\/\/www.neovape.de\/fr\/wp-json\/wp\/v2\/product\/493","targetHints":{"allow":["GET"]}}],"collection":[{"href":"https:\/\/www.neovape.de\/fr\/wp-json\/wp\/v2\/product"}],"about":[{"href":"https:\/\/www.neovape.de\/fr\/wp-json\/wp\/v2\/types\/product"}],"replies":[{"embeddable":true,"href":"https:\/\/www.neovape.de\/fr\/wp-json\/wp\/v2\/comments?post=493"}],"wp:featuredmedia":[{"embeddable":true,"href":"https:\/\/www.neovape.de\/fr\/wp-json\/wp\/v2\/media\/548"}],"wp:attachment":[{"href":"https:\/\/www.neovape.de\/fr\/wp-json\/wp\/v2\/media?parent=493"}],"wp:term":[{"taxonomy":"product_brand","embeddable":true,"href":"https:\/\/www.neovape.de\/fr\/wp-json\/wp\/v2\/product_brand?post=493"},{"taxonomy":"product_cat","embeddable":true,"href":"https:\/\/www.neovape.de\/fr\/wp-json\/wp\/v2\/product_cat?post=493"},{"taxonomy":"product_tag","embeddable":true,"href":"https:\/\/www.neovape.de\/fr\/wp-json\/wp\/v2\/product_tag?post=493"}],"curies":[{"name":"wp","href":"https:\/\/api.w.org\/{rel}","templated":true}]}}