{"id":4730,"date":"2025-11-09T11:34:02","date_gmt":"2025-11-09T10:34:02","guid":{"rendered":"https:\/\/www.neovape.de\/?post_type=product&#038;p=4730"},"modified":"2025-11-09T11:34:02","modified_gmt":"2025-11-09T10:34:02","slug":"airmez-tornado-25000","status":"publish","type":"product","link":"https:\/\/www.neovape.de\/fr\/product\/airmez-tornado-25000\/","title":{"rendered":"Airmez Tornado 25000"},"content":{"rendered":"<h2>E-cigarette jetable Airmez Tornado 25000 bouff\u00e9es<\/h2>\n<p>L'e-cigarette jetable Airmez Tornado 25000 bouff\u00e9es s\u00e9duit par sa technologie innovante de bobines en maille, ses 25 ml d'e-liquide, ses 15 saveurs et sa nicotine 5%. La batterie rechargeable de 850mAh permet de tirer jusqu'\u00e0 25 000 bouff\u00e9es. Par rapport aux cigarettes traditionnelles, le produit est consid\u00e9r\u00e9 comme moins nocif, car il n'y a pas de combustion et aucun goudron ou monoxyde de carbone n'est produit. La conception jetable offre une grande facilit\u00e9 d'utilisation, mais est moins rentable que les syst\u00e8mes rechargeables pour les utilisateurs \u00e0 long terme.<\/p>\n<h3>Avantages des trains Airmez Tornado 25000 :<\/h3>\n<p>Chaque e-cigarette Airmez Tornado 25000 contient 25 ml d'e-liquide avec des ar\u00f4mes, du propyl\u00e8ne glycol et de la glyc\u00e9rine v\u00e9g\u00e9tale. Ces ingr\u00e9dients test\u00e9s r\u00e9pondent aux normes industrielles et fournissent un go\u00fbt intense et satisfaisant dans 15 variantes disponibles. Contrairement aux cigarettes traditionnelles, elle ne produit ni goudron ni monoxyde de carbone nocifs. Les utilisateurs peuvent choisir entre diff\u00e9rents taux de nicotine ou utiliser des options sans nicotine pour contr\u00f4ler leur consommation de mani\u00e8re individuelle.<\/p>\n<p>L'appareil est \u00e9quip\u00e9 d'une batterie 850mAh rechargeable qui maximise la dur\u00e9e de vie du produit avant son \u00e9limination. Une mise au rebut responsable contribue \u00e0 minimiser l'impact sur l'environnement.<\/p>\n<p>Airmez Tornado allie confort et qualit\u00e9. Il ne n\u00e9cessite ni entretien, ni recharge, ni nettoyage - id\u00e9al pour les utilisateurs qui pr\u00e9f\u00e8rent les solutions simples. Cependant, la dur\u00e9e de vie fix\u00e9e \u00e0 25 000 bouff\u00e9es peut \u00eatre moins \u00e9conomique que les syst\u00e8mes r\u00e9utilisables pour les utilisateurs intensifs \u00e0 long terme.<\/p>\n<p>La batterie de 850mAh avec fonction de recharge permet jusqu'\u00e0 25.000 bouff\u00e9es et garantit une utilisation de longue dur\u00e9e sans recharge fr\u00e9quente. Le vapotage est possible en continu jusqu'\u00e0 ce que tout l'e-liquide soit consomm\u00e9 - parfait pour une utilisation prolong\u00e9e sans interruption.<\/p>\n<h3>Donn\u00e9es techniques :<\/h3>\n<ul>\n<li>Trains : jusqu'\u00e0 25 000 trains<\/li>\n<li>liquide : 25 ml pr\u00e9rempli<\/li>\n<li>Nicotine : 5% Teneur en nicotine<\/li>\n<li>Batterie : 850mAh rechargeable avec connecteur Type-C<\/li>\n<li>\u00c9vaporateur : Mesh-Coil 0,9 \u03a9<\/li>\n<li>Syst\u00e8me Dual-Mesh-Coil<\/li>\n<li>Saveurs : 15 ar\u00f4mes<\/li>\n<li>Poids : 99 g par pi\u00e8ce<\/li>\n<\/ul>\n<h3 class=\"whitespace-normal break-words\">D\u00e9couvrir plus d'e-cigarettes :<\/h3>\n<p class=\"whitespace-normal break-words\">D\u00e9couvrez d'autres produits de vape de qualit\u00e9 dans notre <strong><a class=\"underline\" href=\"https:\/\/www.neovape.de\/fr\/\">Boutique en ligne<\/a><\/strong>. L'Airmez Tornado 25000 fait partie de notre large gamme de produits. <strong><a class=\"underline\" href=\"https:\/\/www.neovape.de\/fr\/product-category\/airmez-vape\/\">Collection AIRMEZ VAPE<\/a><\/strong>, Nous vous proposons une gamme de mod\u00e8les et de go\u00fbts adapt\u00e9s \u00e0 tous les besoins. Que vous soyez d\u00e9butant ou vapoteur exp\u00e9riment\u00e9, vous trouverez chez nous l'e-cigarette adapt\u00e9e \u00e0 vos besoins.<\/p>","protected":false},"excerpt":{"rendered":"<p class=\"whitespace-normal break-words\">L'Airmez Tornado 25000 convainc avec ses 25 000 bouff\u00e9es et sa technologie innovante de coil maill\u00e9 pour un go\u00fbt intense. Avec 25 ml de liquide, une batterie rechargeable de 850 mAh, 15 ar\u00f4mes et 5% de nicotine, elle offre un plaisir de vapotage de longue dur\u00e9e. La charge de type C et la conception sans entretien garantissent un confort maximal.<\/p>","protected":false},"featured_media":4747,"comment_status":"open","ping_status":"closed","template":"","meta":{"_acf_changed":false},"product_brand":[],"product_cat":[33],"product_tag":[],"class_list":{"0":"post-4730","1":"product","2":"type-product","3":"status-publish","4":"has-post-thumbnail","6":"product_cat-airmez-vape","8":"first","9":"instock","10":"shipping-taxable","11":"purchasable","12":"product-type-variable"},"acf":[],"_links":{"self":[{"href":"https:\/\/www.neovape.de\/fr\/wp-json\/wp\/v2\/product\/4730","targetHints":{"allow":["GET"]}}],"collection":[{"href":"https:\/\/www.neovape.de\/fr\/wp-json\/wp\/v2\/product"}],"about":[{"href":"https:\/\/www.neovape.de\/fr\/wp-json\/wp\/v2\/types\/product"}],"replies":[{"embeddable":true,"href":"https:\/\/www.neovape.de\/fr\/wp-json\/wp\/v2\/comments?post=4730"}],"wp:featuredmedia":[{"embeddable":true,"href":"https:\/\/www.neovape.de\/fr\/wp-json\/wp\/v2\/media\/4747"}],"wp:attachment":[{"href":"https:\/\/www.neovape.de\/fr\/wp-json\/wp\/v2\/media?parent=4730"}],"wp:term":[{"taxonomy":"product_brand","embeddable":true,"href":"https:\/\/www.neovape.de\/fr\/wp-json\/wp\/v2\/product_brand?post=4730"},{"taxonomy":"product_cat","embeddable":true,"href":"https:\/\/www.neovape.de\/fr\/wp-json\/wp\/v2\/product_cat?post=4730"},{"taxonomy":"product_tag","embeddable":true,"href":"https:\/\/www.neovape.de\/fr\/wp-json\/wp\/v2\/product_tag?post=4730"}],"curies":[{"name":"wp","href":"https:\/\/api.w.org\/{rel}","templated":true}]}}