{"id":4522,"date":"2025-11-09T10:05:16","date_gmt":"2025-11-09T09:05:16","guid":{"rendered":"https:\/\/www.neovape.de\/?post_type=product&#038;p=4522"},"modified":"2025-11-09T10:24:03","modified_gmt":"2025-11-09T09:24:03","slug":"airmez-xbeats-40000","status":"publish","type":"product","link":"https:\/\/www.neovape.de\/fr\/product\/airmez-xbeats-40000\/","title":{"rendered":"Airmez Xbeats 40000"},"content":{"rendered":"<h2>Airmez Xbeats 40000 Puffs Vaporisateur jetable avec \u00e9couteurs Bluetooth<\/h2>\n<p>La Airmez Xbeats 40000 allie vapotage et musique gr\u00e2ce aux \u00e9couteurs int\u00e9gr\u00e9s TWS Bluetooth 5.0. Avec une capacit\u00e9 d'e-liquide pr\u00e9-remplie de 20 ml et un taux de nicotine de 2%\/5%, elle fournit jusqu'\u00e0 40 000 bouff\u00e9es. \u00c9quip\u00e9e de Gen 2 Dual Mesh Coils, d'un \u00e9cran num\u00e9rique pour surveiller l'e-liquide et l'\u00e9tat de la batterie, d'une recharge USB-C et d'un tirage automatique - parfaite pour un go\u00fbt intense et un multit\u00e2che audio sans faille.<\/p>\n<h3>Avantages des bouff\u00e9es Airmez Xbeats 40000<\/h3>\n<p>L'Airmez Xbeats 40000 se distingue par un design accrocheur avec des bords et des coins arrondis, un cache magn\u00e9tique amovible qui lib\u00e8re deux \u00e9couteurs et un embout buccal au rembourrage doux. Il se pr\u00e9sente sous un look sobre mais classique et est disponible en diff\u00e9rentes finitions de couleur selon le go\u00fbt choisi. Le port de charge USB-C et le r\u00e9gulateur de flux d'air se trouvent de mani\u00e8re pratique sur le dessous de l'appareil, ce qui laisse le bo\u00eetier libre de tout bouton physique et lui conf\u00e8re un aspect \u00e9l\u00e9gant et a\u00e9rodynamique.<\/p>\n<p>L'appareil utilise un syst\u00e8me Gen II Dual Mesh Coil, qui produit des nuages de vapeur denses et des bouff\u00e9es douces, et qui est con\u00e7u pour durer sans br\u00fbler l'e-liquide. Un r\u00e9gulateur d'airflow \u00e0 deux niveaux permet d'adapter individuellement la r\u00e9sistance au tirage en l'ajustant d'une ou deux positions vers la droite ou vers la gauche. Avec une capacit\u00e9 impressionnante de 20 ml d'e-liquide, l'appareil fournit environ 40 000 bouff\u00e9es. Bien qu'il soit optimis\u00e9 pour la vaporisation bouche \u00e0 bouche, l'ajustement de l'airflow permet \u00e9galement des bouff\u00e9es en direct.<\/p>\n<p>L'\u00e9cran intelligent int\u00e9gr\u00e9 affiche des informations importantes telles que le niveau de la batterie, l'\u00e9tat de l'e-liquide et un symbole d'\u00e9couteur qui indique si les \u00e9couteurs sont en cours de chargement ou s'ils ont \u00e9t\u00e9 retir\u00e9s de l'appareil. Malgr\u00e9 sa taille compacte, le panneau d'affichage offre une multitude d'informations dans un espace r\u00e9duit.<\/p>\n<p>La caract\u00e9ristique la plus remarquable de l'appareil sont les \u00e9couteurs TWS int\u00e9gr\u00e9s, visibles sur le c\u00f4t\u00e9 et prot\u00e9g\u00e9s par une coque magn\u00e9tique transparente. Les \u00e9couteurs sont dot\u00e9s de voyants lumineux qui indiquent l'\u00e9tat de fonctionnement, la connexion Bluetooth et les avertissements de batterie faible. Alors qu'AiRMEZ promet une qualit\u00e9 de son hi-fi, le son r\u00e9el est de haute qualit\u00e9 et agr\u00e9able, m\u00eame s'il ne correspond pas tout \u00e0 fait \u00e0 un v\u00e9ritable niveau de haute fid\u00e9lit\u00e9.<\/p>\n<h3>Donn\u00e9es techniques<\/h3>\n<ul>\n<li class=\"whitespace-normal break-words\">Capacit\u00e9 pr\u00e9-remplie : 20 ml<\/li>\n<li class=\"whitespace-normal break-words\">Capacit\u00e9 de la batterie : 1000 mAh<\/li>\n<li class=\"whitespace-normal break-words\">Nombre max. Trains : 40.000<\/li>\n<li class=\"whitespace-normal break-words\">Taux de nicotine : 2%\/5%<\/li>\n<li class=\"whitespace-normal break-words\">Man\u0153uvre : Activ\u00e9 par le train<\/li>\n<li class=\"whitespace-normal break-words\">\u00c9l\u00e9ment chauffant : Dual Mesh Coils<\/li>\n<li class=\"whitespace-normal break-words\">D\u00e9bit d'air : R\u00e9glable<\/li>\n<li class=\"whitespace-normal break-words\">\u00c9cran : LED<\/li>\n<li class=\"whitespace-normal break-words\">Recharge : USB type-C<\/li>\n<li class=\"whitespace-normal break-words\">Indicateur de l'\u00e9tat de la batterie<\/li>\n<li class=\"whitespace-normal break-words\">Indicateur de niveau d'e-liquide<\/li>\n<li class=\"whitespace-normal break-words\">\u00c9couteurs TWS hi-fi int\u00e9gr\u00e9s<\/li>\n<li class=\"whitespace-normal break-words\">Bluetooth 5.0<\/li>\n<\/ul>\n<h3>D\u00e9couvrez-en plus chez NeoVape<\/h3>\n<p>L'Airmez Xbeats 40000 fait partie de notre vaste gamme de produits. <strong><a href=\"https:\/\/www.neovape.de\/fr\/product-category\/airmez-vape\/\">AIRMEZ VAPE<\/a><\/strong> collection qui allie des appareils \u00e0 vapeur innovants \u00e0 une technologie de pointe. Visitez notre <strong><a href=\"https:\/\/www.neovape.de\/fr\/\">Page d'accueil<\/a><\/strong> et d\u00e9couvrez d'autres produits de vape de premi\u00e8re qualit\u00e9 qui porteront votre exp\u00e9rience de vapotage \u00e0 un niveau sup\u00e9rieur. Chez NeoVape, vous trouverez une s\u00e9lection soigneusement mise \u00e0 jour d'e-cigarettes et d'accessoires de haute qualit\u00e9 pour tous les go\u00fbts.<\/p>","protected":false},"excerpt":{"rendered":"<p class=\"whitespace-normal break-words\">L'Airmez Xbeats 40000 r\u00e9volutionne le vapotage avec des \u00e9couteurs Bluetooth 5.0 TWS int\u00e9gr\u00e9s. Avec 40.000 bouff\u00e9es, 20ml de liquide, des Gen 2 Dual Mesh Coils et une batterie de 1000mAh, elle allie plaisir de la vapeur premium et son hi-fi. L'\u00e9cran LED, la charge USB-C et l'airflow r\u00e9glable offrent un confort maximal.<\/p>","protected":false},"featured_media":4523,"comment_status":"open","ping_status":"closed","template":"","meta":{"_acf_changed":false},"product_brand":[],"product_cat":[33],"product_tag":[],"class_list":{"0":"post-4522","1":"product","2":"type-product","3":"status-publish","4":"has-post-thumbnail","6":"product_cat-airmez-vape","8":"first","9":"instock","10":"shipping-taxable","11":"purchasable","12":"product-type-variable"},"acf":[],"_links":{"self":[{"href":"https:\/\/www.neovape.de\/fr\/wp-json\/wp\/v2\/product\/4522","targetHints":{"allow":["GET"]}}],"collection":[{"href":"https:\/\/www.neovape.de\/fr\/wp-json\/wp\/v2\/product"}],"about":[{"href":"https:\/\/www.neovape.de\/fr\/wp-json\/wp\/v2\/types\/product"}],"replies":[{"embeddable":true,"href":"https:\/\/www.neovape.de\/fr\/wp-json\/wp\/v2\/comments?post=4522"}],"wp:featuredmedia":[{"embeddable":true,"href":"https:\/\/www.neovape.de\/fr\/wp-json\/wp\/v2\/media\/4523"}],"wp:attachment":[{"href":"https:\/\/www.neovape.de\/fr\/wp-json\/wp\/v2\/media?parent=4522"}],"wp:term":[{"taxonomy":"product_brand","embeddable":true,"href":"https:\/\/www.neovape.de\/fr\/wp-json\/wp\/v2\/product_brand?post=4522"},{"taxonomy":"product_cat","embeddable":true,"href":"https:\/\/www.neovape.de\/fr\/wp-json\/wp\/v2\/product_cat?post=4522"},{"taxonomy":"product_tag","embeddable":true,"href":"https:\/\/www.neovape.de\/fr\/wp-json\/wp\/v2\/product_tag?post=4522"}],"curies":[{"name":"wp","href":"https:\/\/api.w.org\/{rel}","templated":true}]}}