{"id":4181,"date":"2025-11-05T13:47:29","date_gmt":"2025-11-05T12:47:29","guid":{"rendered":"https:\/\/www.neovape.de\/?post_type=product&#038;p=4181"},"modified":"2025-11-05T14:29:01","modified_gmt":"2025-11-05T13:29:01","slug":"okso-3in1-70000","status":"publish","type":"product","link":"https:\/\/www.neovape.de\/fr\/product\/okso-3in1-70000\/","title":{"rendered":"OKSO 3IN1 70000"},"content":{"rendered":"<h1>OKSO 3IN1 70000 E-Cigarette | Syst\u00e8me de pod triple saveur avec \u00e9cran LED, Triple Mesh Coil &amp; 0%-5% Nicotine<\/h1>\n<p>Le site <strong>E-cigarette OKSO 3IN1 70000<\/strong> offre un total de 70 000 bouff\u00e9es \u00e0 partir de trois pods contenant ensemble 48 ml d'e-liquide. L'appareil dispose d'un syst\u00e8me de coil triple-maille, d'options commutables \u00e0 trois go\u00fbts, d'un \u00e9cran LED pour surveiller la batterie et le niveau d'e-liquide, d'une batterie rechargeable de 650 mAh avec recharge de type C et d'un design \u00e9l\u00e9gant et futuriste. Parfait pour les utilisateurs intensifs et les grossistes qui recherchent une vaporisation multi-ar\u00f4mes durable avec des fonctionnalit\u00e9s de pointe et un confort maximal.<\/p>\n<p><img decoding=\"async\" class=\"alignnone size-medium wp-image-4351\" src=\"https:\/\/www.neovape.de\/wp-content\/uploads\/2025\/11\/\u5927\u56fe-02-1-800x400.jpg\" alt=\"OKSO 3IN1 70000\" width=\"800\" height=\"400\" srcset=\"https:\/\/www.neovape.de\/wp-content\/uploads\/2025\/11\/\u5927\u56fe-02-1-800x400.jpg 800w, https:\/\/www.neovape.de\/wp-content\/uploads\/2025\/11\/\u5927\u56fe-02-1-1400x700.jpg 1400w, https:\/\/www.neovape.de\/wp-content\/uploads\/2025\/11\/\u5927\u56fe-02-1-768x384.jpg 768w, https:\/\/www.neovape.de\/wp-content\/uploads\/2025\/11\/\u5927\u56fe-02-1-1536x768.jpg 1536w, https:\/\/www.neovape.de\/wp-content\/uploads\/2025\/11\/\u5927\u56fe-02-1-2048x1024.jpg 2048w, https:\/\/www.neovape.de\/wp-content\/uploads\/2025\/11\/\u5927\u56fe-02-1-18x9.jpg 18w, https:\/\/www.neovape.de\/wp-content\/uploads\/2025\/11\/\u5927\u56fe-02-1-600x300.jpg 600w\" sizes=\"(max-width: 800px) 100vw, 800px\" \/><\/p>\n<h2>OKSO 3IN1 70000 trains - Les avantages :<\/h2>\n<p>L'appareil offre des options de nicotine flexibles avec des intensit\u00e9s de 0 %, 2 %, 3 % ou 5 %, ce qui vous permet de personnaliser votre exp\u00e9rience de vapotage - que vous souhaitiez renoncer \u00e0 la nicotine, r\u00e9duire progressivement votre consommation ou passer des cigarettes traditionnelles. Avec un nombre impressionnant de 70.000 bouff\u00e9es par appareil, vous profitez de performances durables sans avoir \u00e0 vous soucier du remplacement ou des d\u00e9chets inutiles.<\/p>\n<p>L'innovation rencontre le confort : trois saveurs diff\u00e9rentes dans un seul appareil vous donnent la libert\u00e9 de passer d'un ar\u00f4me \u00e0 l'autre en fonction de votre humeur. La batterie rechargeable int\u00e9gr\u00e9e de 650 mAh offre des performances tout au long de la journ\u00e9e et dispose d'un port Type-C pour une recharge rapide en seulement 30 minutes - vous n'\u00eates donc jamais sans votre appareil lorsque vous en avez le plus besoin.<\/p>\n<p>Les coils triple-maille am\u00e9liorent votre exp\u00e9rience de vapotage en maximisant la surface de chauffe, en g\u00e9n\u00e9rant une production de vapeur accrue et en intensifiant les ar\u00f4mes pour des nuages toujours doux et satisfaisants. La technologie avanc\u00e9e des coils garantit un go\u00fbt riche et des performances optimales \u00e0 chaque bouff\u00e9e.<\/p>\n<p>Restez inform\u00e9 gr\u00e2ce \u00e0 l'\u00e9cran LED intelligent et intuitif qui affiche en un coup d'\u0153il des informations en temps r\u00e9el sur l'\u00e9tat de la batterie et le niveau d'e-liquide - plus de devinettes, contr\u00f4le total de votre appareil.<\/p>\n<h2>Donn\u00e9es techniques :<\/h2>\n<ul>\n<li><strong>Trains :<\/strong> 70 000 trains<\/li>\n<li><strong>\u00c9vaporateur :<\/strong> Bobine de maille \u00d7 3<\/li>\n<li><strong>E-liquide :<\/strong> 16 ml \u00d7 3<\/li>\n<li><strong>la nicotine :<\/strong> 0 % \/ 2 % \/ 3 % \/ 5 %<\/li>\n<li><strong>Batterie rechargeable :<\/strong> 650 mAh<\/li>\n<li><strong>Recharge :<\/strong> Type-C rechargeable<\/li>\n<li><strong>Emballage :<\/strong> 10 pi\u00e8ces par bo\u00eete de pr\u00e9sentation<\/li>\n<\/ul>\n<h2 class=\"text-xl font-bold text-text-100 mt-1 -mb-0.5\">Commander maintenant chez NeoVape<\/h2>\n<p class=\"whitespace-normal break-words\">D\u00e9couvrez l'e-cigarette OKSO 3IN1 70000 et d'autres produits haut de gamme dans notre boutique en ligne. Visitez notre <strong><a class=\"underline\" href=\"https:\/\/www.neovape.de\/fr\/\">Page d'accueil<\/a><\/strong> pour les derni\u00e8res innovations en mati\u00e8re de vape et des offres exclusives. Vous trouverez la s\u00e9lection compl\u00e8te des produits OKSO de haute qualit\u00e9 dans notre <strong><a class=\"underline\" href=\"https:\/\/www.neovape.de\/fr\/product-category\/okso-vape\/\">OKSO VAPE Cat\u00e9gorie<\/a><\/strong>, Vous pouvez y comparer diff\u00e9rents mod\u00e8les, go\u00fbts et taux de nicotine. Profitez d'une livraison rapide, de prix de gros attractifs et d'un service client\u00e8le de qualit\u00e9.<\/p>","protected":false},"excerpt":{"rendered":"<p class=\"whitespace-normal break-words\">L'e-cigarette OKSO 3IN1 70000 offre 70 000 bouff\u00e9es \u00e0 partir de trois pods avec 48 ml d'e-liquide au total. Avec un coil triple maille, des saveurs commutables, un \u00e9cran LED pour le niveau de batterie et de liquide, une batterie de 650 mAh et une charge rapide de type C (30 minutes). Options de nicotine flexibles : 0%, 2%, 3% ou 5%. Id\u00e9al pour le vapotage multi-ar\u00f4mes avec une technologie de pointe.<\/p>\n<p class=\"whitespace-normal break-words\">","protected":false},"featured_media":4226,"comment_status":"open","ping_status":"closed","template":"","meta":{"_acf_changed":false},"product_brand":[],"product_cat":[32],"product_tag":[],"class_list":{"0":"post-4181","1":"product","2":"type-product","3":"status-publish","4":"has-post-thumbnail","6":"product_cat-okso-vape","8":"first","9":"instock","10":"shipping-taxable","11":"purchasable","12":"product-type-variable"},"acf":[],"_links":{"self":[{"href":"https:\/\/www.neovape.de\/fr\/wp-json\/wp\/v2\/product\/4181","targetHints":{"allow":["GET"]}}],"collection":[{"href":"https:\/\/www.neovape.de\/fr\/wp-json\/wp\/v2\/product"}],"about":[{"href":"https:\/\/www.neovape.de\/fr\/wp-json\/wp\/v2\/types\/product"}],"replies":[{"embeddable":true,"href":"https:\/\/www.neovape.de\/fr\/wp-json\/wp\/v2\/comments?post=4181"}],"wp:featuredmedia":[{"embeddable":true,"href":"https:\/\/www.neovape.de\/fr\/wp-json\/wp\/v2\/media\/4226"}],"wp:attachment":[{"href":"https:\/\/www.neovape.de\/fr\/wp-json\/wp\/v2\/media?parent=4181"}],"wp:term":[{"taxonomy":"product_brand","embeddable":true,"href":"https:\/\/www.neovape.de\/fr\/wp-json\/wp\/v2\/product_brand?post=4181"},{"taxonomy":"product_cat","embeddable":true,"href":"https:\/\/www.neovape.de\/fr\/wp-json\/wp\/v2\/product_cat?post=4181"},{"taxonomy":"product_tag","embeddable":true,"href":"https:\/\/www.neovape.de\/fr\/wp-json\/wp\/v2\/product_tag?post=4181"}],"curies":[{"name":"wp","href":"https:\/\/api.w.org\/{rel}","templated":true}]}}