{"id":3784,"date":"2025-10-30T16:04:32","date_gmt":"2025-10-30T15:04:32","guid":{"rendered":"https:\/\/www.neovape.de\/?post_type=product&#038;p=3784"},"modified":"2025-10-30T16:04:32","modified_gmt":"2025-10-30T15:04:32","slug":"al-fakher-8000-crystal","status":"publish","type":"product","link":"https:\/\/www.neovape.de\/fr\/product\/al-fakher-8000-crystal\/","title":{"rendered":"AL Fakher 8000 Crystal"},"content":{"rendered":"<h2>AL Fakher 8000 Crystal Original E-cigarette jetable \u00e0 faible teneur en nicotine - Vente en gros &amp; remise sur volume<\/h2>\n<p>Le site <strong>AL Fakher 8000 CRYSTAL Mode double<\/strong> est une e-cigarette jetable de haute qualit\u00e9 pour les amateurs de go\u00fbt qui recherchent une exp\u00e9rience de vapotage douce inspir\u00e9e de la shisha. \u00c9quip\u00e9e d'un coil en maille pour un go\u00fbt intense et r\u00e9gulier et une vapeur dense, elle offre une technologie innovante \u00e0 double mode qui permet de passer sans effort des styles de vapeur MTL et DTL. Avec une charge rapide de type C, une capacit\u00e9 de 18 ml d'e-liquide et un taux de nicotine de 5 mg\/ml (0,5 %), elle offre un plaisir de longue dur\u00e9e et un confort maximal.<\/p>\n<h3>AL Fakher 8000 Crystal Avantages :<\/h3>\n<p><strong>Commande bi-mode r\u00e9volutionnaire :<\/strong> Passez instantan\u00e9ment d'une bouff\u00e9e \u00e9troite et riche en go\u00fbt Mouth-to-Lung (MTL) \u00e0 une exp\u00e9rience Direct-to-Lung (DTL) luxuriante et riche en nuages - parfaitement adapt\u00e9e aux pr\u00e9f\u00e9rences individuelles.<\/p>\n<p><strong>\u00c9cran LED Crystal avanc\u00e9 :<\/strong> Surveillez sans effort votre niveau d'e-liquide et l'\u00e9tat de votre batterie en temps r\u00e9el sur un grand \u00e9cran lumineux. Plus de mauvaises surprises.<\/p>\n<p><strong>Performance &amp; capacit\u00e9 endurantes :<\/strong> Une capacit\u00e9 g\u00e9n\u00e9reuse de 18 ml d'e-liquide permet jusqu'\u00e0 8000 bouff\u00e9es satisfaisantes, aliment\u00e9es par une puissante batterie rechargeable de 1200 mAh pour une fiabilit\u00e9 toute la journ\u00e9e.<\/p>\n<p><strong>Un d\u00e9veloppement de go\u00fbt incomparable :<\/strong> La technologie int\u00e9gr\u00e9e Mesh Coil garantit un go\u00fbt d'alfakher intense et authentique de bout en bout, de la premi\u00e8re \u00e0 la derni\u00e8re bouff\u00e9e.<\/p>\n<h3>Donn\u00e9es techniques :<\/h3>\n<ul>\n<li><strong>Nombre de trains :<\/strong> Jusqu'\u00e0 8000 trains<\/li>\n<li><strong>Capacit\u00e9 en e-liquide :<\/strong> 18 ml pr\u00e9-rempli<\/li>\n<li><strong>Taux de nicotine :<\/strong> 5 mg\/ml (0,5 %)<\/li>\n<li><strong>Batterie rechargeable :<\/strong> 1200 mAh rechargeable<\/li>\n<li><strong>Type de bobine :<\/strong> Coil mesh (0,6 ohm)<\/li>\n<li><strong>Modes de fonctionnement :<\/strong> mode \u00e9co et boost<\/li>\n<li><strong>Annonces :<\/strong> Affichage de l'\u00e9tat de la batterie et du niveau d'e-liquide<\/li>\n<\/ul>\n<h3>D\u00e9couvrez plus de vape premium chez NeoVape<\/h3>\n<p>Vous recherchez d'autres e-cigarettes jetables de qualit\u00e9 ? Visitez notre <strong><a href=\"https:\/\/www.neovape.de\/fr\/\">Page d'accueil de NeoVape<\/a><\/strong> et d\u00e9couvrez notre gamme compl\u00e8te de produits de vapotage haut de gamme. Dans notre <strong><a href=\"https:\/\/www.neovape.de\/fr\/product-category\/al-fakher-vape\/\">Cat\u00e9gorie AL FAKHER VAPE<\/a><\/strong> vous trouverez toute la gamme d'authentiques vapes jetables AL Fakher avec diff\u00e9rents go\u00fbts et mod\u00e8les. Profitez d'une livraison rapide, de prix de gros attractifs et d'un service client\u00e8le de premier ordre.<\/p>","protected":false},"excerpt":{"rendered":"<p class=\"whitespace-normal break-words\">La AL Fakher 8000 CRYSTAL offre jusqu'\u00e0 8000 bouff\u00e9es avec 18 ml d'e-liquide (5 mg\/ml de nicotine). La technologie dual-mode permet de vaper en MTL et DTL, le mesh-coil assure un go\u00fbt intense. L'\u00e9cran LED indique le niveau de la batterie et du liquide. Batterie de 1200 mAh avec charge rapide de type C. Vape jetable premium de style shisha.<\/p>","protected":false},"featured_media":3832,"comment_status":"open","ping_status":"closed","template":"","meta":{"_acf_changed":false},"product_brand":[],"product_cat":[28],"product_tag":[],"class_list":{"0":"post-3784","1":"product","2":"type-product","3":"status-publish","4":"has-post-thumbnail","6":"product_cat-al-fakher-vape","8":"first","9":"instock","10":"shipping-taxable","11":"purchasable","12":"product-type-variable"},"acf":[],"_links":{"self":[{"href":"https:\/\/www.neovape.de\/fr\/wp-json\/wp\/v2\/product\/3784","targetHints":{"allow":["GET"]}}],"collection":[{"href":"https:\/\/www.neovape.de\/fr\/wp-json\/wp\/v2\/product"}],"about":[{"href":"https:\/\/www.neovape.de\/fr\/wp-json\/wp\/v2\/types\/product"}],"replies":[{"embeddable":true,"href":"https:\/\/www.neovape.de\/fr\/wp-json\/wp\/v2\/comments?post=3784"}],"wp:featuredmedia":[{"embeddable":true,"href":"https:\/\/www.neovape.de\/fr\/wp-json\/wp\/v2\/media\/3832"}],"wp:attachment":[{"href":"https:\/\/www.neovape.de\/fr\/wp-json\/wp\/v2\/media?parent=3784"}],"wp:term":[{"taxonomy":"product_brand","embeddable":true,"href":"https:\/\/www.neovape.de\/fr\/wp-json\/wp\/v2\/product_brand?post=3784"},{"taxonomy":"product_cat","embeddable":true,"href":"https:\/\/www.neovape.de\/fr\/wp-json\/wp\/v2\/product_cat?post=3784"},{"taxonomy":"product_tag","embeddable":true,"href":"https:\/\/www.neovape.de\/fr\/wp-json\/wp\/v2\/product_tag?post=3784"}],"curies":[{"name":"wp","href":"https:\/\/api.w.org\/{rel}","templated":true}]}}