{"id":3245,"date":"2025-10-27T10:14:50","date_gmt":"2025-10-27T09:14:50","guid":{"rendered":"https:\/\/www.neovape.de\/?post_type=product&#038;p=3245"},"modified":"2025-10-27T10:14:50","modified_gmt":"2025-10-27T09:14:50","slug":"elf-box-digital-12000","status":"publish","type":"product","link":"https:\/\/www.neovape.de\/fr\/product\/elf-box-digital-12000\/","title":{"rendered":"ELF BOX Digital 12000"},"content":{"rendered":"<h2>ELF BOX num\u00e9rique 12000 bouff\u00e9es | 0%-5% Nicotine, E-cigarette jetable en gros<\/h2>\n<p>L'ELF BOX Digital 12K offre jusqu'\u00e0 12 000 bouff\u00e9es avec une capacit\u00e9 de 25ml d'e-liquide et une batterie rechargeable de 500mAh. \u00c9quip\u00e9e d'un coil en maille de 0,8\u03a9, d'un \u00e9cran num\u00e9rique et d'une recharge rapide de type C, elle permet une exp\u00e9rience de vapotage douce et sans contrainte avec des ar\u00f4mes intenses.<\/p>\n<h3>Avantages des trains ELF BOX Digital 12000 :<\/h3>\n<p>L'ELF BOX Digital fournit un nombre impressionnant de 12 000 bouff\u00e9es avec un r\u00e9servoir d'e-liquide g\u00e9n\u00e9reux de 25 ml pour des sessions de vapotage prolong\u00e9es. La puissante t\u00eate de vaporisateur 0,8\u03a9 \u00e0 coil en maille garantit une vapeur douce et satisfaisante \u00e0 chaque bouff\u00e9e et \u00e9vite les changements fr\u00e9quents.<\/p>\n<p>Choisissez parmi diff\u00e9rents taux de nicotine (0%, 2%, 3% et 5%) pour r\u00e9pondre \u00e0 vos pr\u00e9f\u00e9rences personnelles. La batterie fiable de 500mAh avec connecteur de charge de type C offre des performances de longue dur\u00e9e ainsi qu'un chargement rapide et efficace.<\/p>\n<p>Un \u00e9cran LED int\u00e9gr\u00e9 permet de surveiller facilement les r\u00e9glages de la vapeur et l'\u00e9tat de la batterie. L'ELF BOX Digital est donc un choix \u00e9l\u00e9gant et pratique pour les vapoteurs qui accordent de l'importance \u00e0 la qualit\u00e9 et \u00e0 la convivialit\u00e9.<\/p>\n<h3>Donn\u00e9es techniques :<\/h3>\n<ul>\n<li>Trains : 12 000 trains<\/li>\n<li>T\u00eate d'\u00e9vaporation : 0,8\u03a9 Mesh-Coil<\/li>\n<li>E-liquide : 25ml<\/li>\n<li>Nikotin: 0%\/2%\/3%\/5%<\/li>\n<li>Batterie : 500mAh<\/li>\n<li>Rechargeable, en plus : Type-C<\/li>\n<li>Affichage num\u00e9rique de l'\u00e9tat de la batterie et du niveau d'e-liquide<\/li>\n<\/ul>\n<h3 class=\"whitespace-normal break-words\">Plus d'informations et de produits :<\/h3>\n<p class=\"whitespace-normal break-words\">D\u00e9couvrez la gamme compl\u00e8te des <strong><a class=\"underline\" href=\"https:\/\/www.neovape.de\/fr\/product-category\/elf-box-vape\/\">ELF BOX VAPE<\/a><\/strong> s\u00e9rie et trouvez le mod\u00e8le parfait pour vos besoins. Visitez notre <strong><a class=\"underline\" href=\"https:\/\/www.neovape.de\/fr\/\">Page d'accueil<\/a><\/strong> pour d'autres e-cigarettes, vapes jetables et accessoires de qualit\u00e9. Chez NeoVape, nous offrons des produits de vapotage de premi\u00e8re qualit\u00e9 avec une livraison rapide et un excellent service client.<\/p>","protected":false},"excerpt":{"rendered":"<p class=\"whitespace-normal break-words\">L'ELF BOX Digital 12000 fournit un nombre impressionnant de 12 000 bouff\u00e9es gr\u00e2ce \u00e0 son r\u00e9servoir d'e-liquide de 25 ml et \u00e0 sa batterie puissante de 500mAh. Le coil en maille de 0,8\u03a9 garantit une vapeur douce, tandis que l'\u00e9cran num\u00e9rique affiche l'\u00e9tat de la batterie et la r\u00e9serve de liquide. La recharge de type C et les options de nicotine de 0%-5% assurent un confort maximal.<\/p>","protected":false},"featured_media":3298,"comment_status":"open","ping_status":"closed","template":"","meta":{"_acf_changed":false},"product_brand":[],"product_cat":[26],"product_tag":[],"class_list":{"0":"post-3245","1":"product","2":"type-product","3":"status-publish","4":"has-post-thumbnail","6":"product_cat-elf-box-vape","8":"first","9":"instock","10":"shipping-taxable","11":"purchasable","12":"product-type-variable"},"acf":[],"_links":{"self":[{"href":"https:\/\/www.neovape.de\/fr\/wp-json\/wp\/v2\/product\/3245","targetHints":{"allow":["GET"]}}],"collection":[{"href":"https:\/\/www.neovape.de\/fr\/wp-json\/wp\/v2\/product"}],"about":[{"href":"https:\/\/www.neovape.de\/fr\/wp-json\/wp\/v2\/types\/product"}],"replies":[{"embeddable":true,"href":"https:\/\/www.neovape.de\/fr\/wp-json\/wp\/v2\/comments?post=3245"}],"wp:featuredmedia":[{"embeddable":true,"href":"https:\/\/www.neovape.de\/fr\/wp-json\/wp\/v2\/media\/3298"}],"wp:attachment":[{"href":"https:\/\/www.neovape.de\/fr\/wp-json\/wp\/v2\/media?parent=3245"}],"wp:term":[{"taxonomy":"product_brand","embeddable":true,"href":"https:\/\/www.neovape.de\/fr\/wp-json\/wp\/v2\/product_brand?post=3245"},{"taxonomy":"product_cat","embeddable":true,"href":"https:\/\/www.neovape.de\/fr\/wp-json\/wp\/v2\/product_cat?post=3245"},{"taxonomy":"product_tag","embeddable":true,"href":"https:\/\/www.neovape.de\/fr\/wp-json\/wp\/v2\/product_tag?post=3245"}],"curies":[{"name":"wp","href":"https:\/\/api.w.org\/{rel}","templated":true}]}}