{"id":2257,"date":"2025-10-18T15:45:20","date_gmt":"2025-10-18T13:45:20","guid":{"rendered":"https:\/\/www.neovape.de\/?post_type=product&#038;p=2257"},"modified":"2025-10-18T15:45:21","modified_gmt":"2025-10-18T13:45:21","slug":"jnr-alien-10000","status":"publish","type":"product","link":"https:\/\/www.neovape.de\/fr\/product\/jnr-alien-10000\/","title":{"rendered":"JNR Alien 10000"},"content":{"rendered":"<h2>JNR Alien 10000 Puffs RGB D\u00e9bit d'air r\u00e9glable 10k 2% Faible taux de nicotine en gros Rechargeable Jetable E-cigarette<\/h2>\n<p>La JNR Alien 10000 offre un tirage doux et une vapeur aromatique avec un coil de 1,2\u03a9 et impressionne avec une capacit\u00e9 d'environ 10 000 bouff\u00e9es, aliment\u00e9e par une batterie de 850mAh. Pr\u00e9-remplie de 20 ml d'e-liquide, elle offre un choix vari\u00e9 de plus de 42 saveurs - des variantes glac\u00e9es rafra\u00eechissantes aux d\u00e9licieux ar\u00f4mes de fruits. Le port de chargement pratique de type C permet un chargement rapide et simple.<\/p>\n<h3>JNR Alien 10000 Puffs Points forts :<\/h3>\n<p><strong>Taux de nicotine :<\/strong> 2% Nicotine pour une exp\u00e9rience de vapotage douce et satisfaisante.<\/p>\n<p><strong>Nombre de trains :<\/strong> Jusqu'\u00e0 10.000 bouff\u00e9es garantissent une utilisation de longue dur\u00e9e sans remplacement fr\u00e9quent.<\/p>\n<p><strong>Capacit\u00e9 de l'e-liquide :<\/strong> 20 ml d'e-liquide premium pour un vapotage prolong\u00e9 sans rechargement constant.<\/p>\n<p><strong>\u00c9clairage LED RGB :<\/strong> Des lumi\u00e8res LED RVB vives et changeant de couleur ajoutent un \u00e9l\u00e9ment dynamique et styl\u00e9 \u00e0 votre e-cigarette.<\/p>\n<p><strong>Batterie rechargeable :<\/strong> La batterie rechargeable de 850mAh garantit des performances fiables avec une charge rapide de type C pour une r\u00e9cup\u00e9ration rapide de l'\u00e9nergie.<\/p>\n<p><strong>Bobine de 1,2\u03a9 mesh :<\/strong> Le coil en maille 1,2\u03a9 assure un chauffage uniforme et un meilleur d\u00e9veloppement du go\u00fbt et de la vapeur.<\/p>\n<p><strong>Portable et \u00e0 la mode :<\/strong> Design fin avec dragonne pratique pour un transport facile - style et fonctionnalit\u00e9 r\u00e9unis.<\/p>\n<p><strong>Diversit\u00e9 des go\u00fbts :<\/strong> Offre 42 saveurs diff\u00e9rentes et une large palette d'ar\u00f4mes pour tous les go\u00fbts.<\/p>\n<h3>Donn\u00e9es techniques :<\/h3>\n<ul>\n<li><strong>Trains :<\/strong> 10 000 poufs<\/li>\n<li><strong>E-liquide :<\/strong> 20 ml<\/li>\n<li><strong>la nicotine :<\/strong> 2%<\/li>\n<li><strong>Batterie rechargeable :<\/strong> 1100mAh<\/li>\n<li><strong>Coil :<\/strong> Bobine de 1,2\u03a9 mesh<\/li>\n<li><strong>Prise de charge :<\/strong> Type-C<\/li>\n<\/ul>\n<h3>D\u00e9couvrez-en plus chez NeoVape<\/h3>\n<p>La JNR Alien 10000 fait partie de notre vaste gamme d'e-cigarettes de haute qualit\u00e9. Visitez notre <strong><a href=\"https:\/\/www.neovape.de\/fr\/\">Page d'accueil<\/a><\/strong>Pour d\u00e9couvrir les derni\u00e8res offres et les nouveaux produits, rendez-vous sur notre site. Pour d\u00e9couvrir d'autres produits innovants de la marque JNR, nous vous recommandons de jeter un coup d'\u0153il \u00e0 nos <strong><a href=\"https:\/\/www.neovape.de\/fr\/product-category\/jnr-vape\/\">Cat\u00e9gorie JNR VAPE<\/a><\/strong>Vous y trouverez la gamme compl\u00e8te d'e-cigarettes jetables JNR avec diff\u00e9rents go\u00fbts et sp\u00e9cifications. Profitez de conditions de vente en gros attractives et d'une livraison rapide en Allemagne.<\/p>","protected":false},"excerpt":{"rendered":"<div>\n<div class=\"grid-cols-1 grid gap-2.5 [&amp;_&gt;_*]:min-w-0 !gap-3.5\">\n<p class=\"whitespace-normal break-words\">Die JNR Alien 10000 bietet bis zu 10.000 Puffs mit sanftem Zug und aromatischem Dampf. Mit 20ml Premium E-Liquid in 42 Geschmacksrichtungen, RGB-Beleuchtung und 850mAh wiederaufladbarem Akku mit Type-C Schnellladung. Die 1,2\u03a9 Mesh Coil sorgt f\u00fcr perfekte Geschmacksentfaltung bei nur 2% Nikotin.<\/p>\n<\/div>\n<\/div>\n<div class=\"h-8\"><\/div>\n","protected":false},"featured_media":2302,"comment_status":"open","ping_status":"closed","template":"","meta":{"_acf_changed":false},"product_brand":[],"product_cat":[24],"product_tag":[],"class_list":{"0":"post-2257","1":"product","2":"type-product","3":"status-publish","4":"has-post-thumbnail","6":"product_cat-jnr-vape","8":"first","9":"instock","10":"shipping-taxable","11":"purchasable","12":"product-type-variable"},"acf":[],"_links":{"self":[{"href":"https:\/\/www.neovape.de\/fr\/wp-json\/wp\/v2\/product\/2257","targetHints":{"allow":["GET"]}}],"collection":[{"href":"https:\/\/www.neovape.de\/fr\/wp-json\/wp\/v2\/product"}],"about":[{"href":"https:\/\/www.neovape.de\/fr\/wp-json\/wp\/v2\/types\/product"}],"replies":[{"embeddable":true,"href":"https:\/\/www.neovape.de\/fr\/wp-json\/wp\/v2\/comments?post=2257"}],"wp:featuredmedia":[{"embeddable":true,"href":"https:\/\/www.neovape.de\/fr\/wp-json\/wp\/v2\/media\/2302"}],"wp:attachment":[{"href":"https:\/\/www.neovape.de\/fr\/wp-json\/wp\/v2\/media?parent=2257"}],"wp:term":[{"taxonomy":"product_brand","embeddable":true,"href":"https:\/\/www.neovape.de\/fr\/wp-json\/wp\/v2\/product_brand?post=2257"},{"taxonomy":"product_cat","embeddable":true,"href":"https:\/\/www.neovape.de\/fr\/wp-json\/wp\/v2\/product_cat?post=2257"},{"taxonomy":"product_tag","embeddable":true,"href":"https:\/\/www.neovape.de\/fr\/wp-json\/wp\/v2\/product_tag?post=2257"}],"curies":[{"name":"wp","href":"https:\/\/api.w.org\/{rel}","templated":true}]}}