{"id":1233,"date":"2025-10-01T09:15:33","date_gmt":"2025-10-01T07:15:33","guid":{"rendered":"https:\/\/www.neovape.de\/?post_type=product&#038;p=1233"},"modified":"2025-10-01T09:15:34","modified_gmt":"2025-10-01T07:15:34","slug":"bang-legend-80000","status":"publish","type":"product","link":"https:\/\/www.neovape.de\/fr\/product\/bang-legend-80000\/","title":{"rendered":"Bang Legend 80000"},"content":{"rendered":"<h2>Bang Legend 80000 bouff\u00e9es E-cigarette avec 3 saveurs - Prix de gros<\/h2>\n<p>Vivez jusqu'\u00e0 80 000 bouff\u00e9es de saveur intense avec la BANG Legend - une e-cigarette rechargeable avec 78 ml d'e-liquide r\u00e9partis sur trois pods interchangeables de 26 ml. Avec des sels de nicotine en 0%, 2%, 3% et 5%, une batterie \u00e0 charge rapide de 850 mAh et une connexion USB-C, cet appareil puissant offre des semaines de plaisir de vapotage avec un go\u00fbt riche et un brouillard dense. Pas de recharge n\u00e9cessaire.<\/p>\n<h3>Trains Bang Legend 80000 - Points forts du produit :<\/h3>\n<p>Les bouff\u00e9es Bang Legend 80000 ont \u00e9t\u00e9 con\u00e7ues pour les vapoteurs qui recherchent une capacit\u00e9, une vari\u00e9t\u00e9 et une puissance maximales dans un seul appareil. Le syst\u00e8me de triple pod de saveur 3 en 1 (78 ml d'e-liquide au total) vous permet de passer \u00e0 tout moment d'une saveur \u00e0 l'autre et de varier vos sessions de vapotage.<\/p>\n<p>Aliment\u00e9 par une batterie de 850 mAh avec fonction de charge rapide de type C, cet appareil offre des performances constantes sans temps d'attente pour le rechargement. La bobine maill\u00e9e de 1,0 \u03a9 garantit une vapeur douce, un go\u00fbt cors\u00e9 et une dur\u00e9e de conservation plus longue pour un plaisir maximal.<\/p>\n<p>Disponible dans les taux de nicotine 0%, 2%, 3% et 5%, la Bang Legend r\u00e9pond \u00e0 tous les go\u00fbts - de l'absence de nicotine aux bouff\u00e9es puissantes. Avec jusqu'\u00e0 80 000 bouff\u00e9es, elle est con\u00e7ue pour un plaisir de vapotage de longue dur\u00e9e.<\/p>\n<h3>Donn\u00e9es techniques :<\/h3>\n<ul>\n<li>Jusqu'\u00e0 80.000 trains pour une utilisation \u00e9tendue<\/li>\n<li>capacit\u00e9 de 78 ml d'e-liquide (3 dosettes de 26 ml)<\/li>\n<li>Syst\u00e8me 3 en 1 Triple-Flavor - changement de go\u00fbt sans effort<\/li>\n<li>batterie de 850 mAh rechargeable avec charge rapide de type C<\/li>\n<li>Coil maill\u00e9 de 1,0 \u03a9 pour des nuages de vapeur doux et riches en go\u00fbt<\/li>\n<li>Options de nicotine : 0% \/ 2% \/ 3% \/ 5%<\/li>\n<\/ul>\n<h3>D\u00e9couvrez plus d'e-cigarettes premium<\/h3>\n<p>Les bouff\u00e9es Bang Legend 80000 font partie de notre vaste gamme d'e-cigarettes jetables de haute qualit\u00e9. Visitez notre <strong><a href=\"https:\/\/www.neovape.de\/fr\/product-category\/bang-vape\/\">Cat\u00e9gorie BANG VAPE<\/a><\/strong> pour d'autres produits BANG innovants aux performances et aux saveurs exceptionnelles. Pour notre gamme compl\u00e8te de vape premium, d'accessoires et les derni\u00e8res tendances en mati\u00e8re de vapotage, visitez notre <strong><a href=\"https:\/\/www.neovape.de\/fr\/\">Page d'accueil de Neovape<\/a><\/strong> - Votre partenaire de confiance pour des produits vapeur de premi\u00e8re qualit\u00e9 \u00e0 des prix de gros.<\/p>","protected":false},"excerpt":{"rendered":"<p class=\"whitespace-normal break-words\">La Bang Legend 80000 Vape jetable offre trois saveurs interchangeables dans un seul appareil avec un total de 78 ml d'e-liquide (3\u00d726 ml pods). Avec 80 000 bouff\u00e9es, une batterie de 850 mAh, une charge rapide de type C et un coil maill\u00e9 de 1,0 \u03a9 pour une vapeur douce et riche en saveurs. Changement de go\u00fbt sans effort entre les pods. Taux de nicotine : 0-5 %.<\/p>","protected":false},"featured_media":1286,"comment_status":"open","ping_status":"closed","template":"","meta":{"_acf_changed":false},"product_brand":[],"product_cat":[22],"product_tag":[],"class_list":{"0":"post-1233","1":"product","2":"type-product","3":"status-publish","4":"has-post-thumbnail","6":"product_cat-bang-vape","8":"first","9":"instock","10":"shipping-taxable","11":"purchasable","12":"product-type-variable"},"acf":[],"_links":{"self":[{"href":"https:\/\/www.neovape.de\/fr\/wp-json\/wp\/v2\/product\/1233","targetHints":{"allow":["GET"]}}],"collection":[{"href":"https:\/\/www.neovape.de\/fr\/wp-json\/wp\/v2\/product"}],"about":[{"href":"https:\/\/www.neovape.de\/fr\/wp-json\/wp\/v2\/types\/product"}],"replies":[{"embeddable":true,"href":"https:\/\/www.neovape.de\/fr\/wp-json\/wp\/v2\/comments?post=1233"}],"wp:featuredmedia":[{"embeddable":true,"href":"https:\/\/www.neovape.de\/fr\/wp-json\/wp\/v2\/media\/1286"}],"wp:attachment":[{"href":"https:\/\/www.neovape.de\/fr\/wp-json\/wp\/v2\/media?parent=1233"}],"wp:term":[{"taxonomy":"product_brand","embeddable":true,"href":"https:\/\/www.neovape.de\/fr\/wp-json\/wp\/v2\/product_brand?post=1233"},{"taxonomy":"product_cat","embeddable":true,"href":"https:\/\/www.neovape.de\/fr\/wp-json\/wp\/v2\/product_cat?post=1233"},{"taxonomy":"product_tag","embeddable":true,"href":"https:\/\/www.neovape.de\/fr\/wp-json\/wp\/v2\/product_tag?post=1233"}],"curies":[{"name":"wp","href":"https:\/\/api.w.org\/{rel}","templated":true}]}}