{"id":1020,"date":"2025-09-28T17:17:23","date_gmt":"2025-09-28T15:17:23","guid":{"rendered":"https:\/\/www.neovape.de\/?post_type=product&#038;p=1020"},"modified":"2025-09-29T12:43:31","modified_gmt":"2025-09-29T10:43:31","slug":"bang-leader-110k","status":"publish","type":"product","link":"https:\/\/www.neovape.de\/fr\/product\/bang-leader-110k\/","title":{"rendered":"Bang Leader 110K"},"content":{"rendered":"<h2>Bang Leader 110K E-cigarette jetable | 110.000 bouff\u00e9es | Bobine maill\u00e9e rechargeable | Go\u00fbt 6 en 1<\/h2>\n<p>L'e-cigarette jetable Bang Leader 110K bouff\u00e9es 6-en-1 saveurs offre des performances ultra-longues avec jusqu'\u00e0 110 000 bouff\u00e9es, une batterie rechargeable de 850mAh et un coil en maille de 1,0\u03a9 pour une vapeur dense et souple. Avec six options de saveurs interchangeables dans un seul appareil, un faible taux de nicotine et un chargement rapide de type C.<\/p>\n<h3>Trains Bang Leader 110K Avantages :<\/h3>\n<p>L'e-cigarette jetable Bang Leader 110 000 bouff\u00e9es \u00e9tablit de nouvelles normes de performance avec un nombre incroyable de bouff\u00e9es pouvant atteindre 110 000. D\u00e9velopp\u00e9e avec la technologie Triple-Mesh-Coil, elle garantit une vapeur constante, des bouff\u00e9es souples et une meilleure diffusion du go\u00fbt. Choisissez entre un taux de nicotine de 2%, 3% ou 5% pour profiter exactement de la satisfaction que vous pr\u00e9f\u00e9rez.<\/p>\n<p>Cet appareil est dot\u00e9 d'un \u00e9cran LED intelligent qui indique clairement le niveau de la batterie et de l'huile, rendant le vapotage plus confortable que jamais. \u00c9quip\u00e9 d'une batterie rechargeable de 850mAh et d'un port de chargement rapide Type-C, le Bang Leader garantit une \u00e9nergie durable avec des temps de chargement courts. Ses 3 r\u00e9servoirs d'huile permettent une utilisation \u00e9tendue et un changement de saveur en douceur.<\/p>\n<p>Le point fort de cette e-cigarette sont ses modes de saveur 6 en 1, y compris A, B, C, A+B, A+C et B+C. Avec 10 options de go\u00fbt au choix, chaque bouff\u00e9e apporte une nouvelle exp\u00e9rience. Emball\u00e9e par 10 pi\u00e8ces par paquet, l'e-cigarette Bang Leader 110K Z\u00fcge est id\u00e9ale \u00e0 la fois pour un usage personnel et pour les besoins de la vente en gros, offrant une vari\u00e9t\u00e9 et une satisfaction incomparables.<\/p>\n<h3>Sp\u00e9cifications du produit :<\/h3>\n<ul>\n<li><strong>Taux de nicotine :<\/strong> 0% \/ 2% \/ 3% \/ 5%<\/li>\n<li><strong>Nombre de trains :<\/strong> Jusqu'\u00e0 110.000 trains<\/li>\n<li><strong>Modes de go\u00fbt :<\/strong> A, B, C, A+B, A+C, B+C<\/li>\n<li><strong>R\u00e9servoir d'huile :<\/strong> 3 r\u00e9servoirs<\/li>\n<li><strong>Batterie rechargeable :<\/strong> 850mAh rechargeable<\/li>\n<li><strong>Coil :<\/strong> Bobine triple maille<\/li>\n<li><strong>\u00c9cran LED :<\/strong> Oui<\/li>\n<li><strong>Prise de charge :<\/strong> Type-C<\/li>\n<li><strong>Emballage :<\/strong> 10 pi\u00e8ces\/emballage<\/li>\n<li><strong>Les go\u00fbts :<\/strong> 10 options<\/li>\n<\/ul>\n<h3>Liste des go\u00fbts\uff1a<\/h3>\n<ol>\n<li><b><\/b><strong><b>Past\u00e8que Ice\/Strawberry Mamba\/Past\u00e8que Trawberry<\/b><\/strong><\/li>\n<\/ol>\n<p>Past\u00e8que Ice Strawberry Mamba\/Strawberry Past\u00e8que Strawberry Mamba\/Strawberry Past\u00e8que Strawberry Mamba<\/p>\n<ol start=\"2\">\n<li><b><\/b><strong><b>Fuji Ice\/Apple Grape\/Cherry Pomegranate<\/b><\/strong><\/li>\n<\/ol>\n<p>Fuji Ice Apple Grape\/Cherry Pomegranate Fuji Ice\/Cherry Pomegranate Apple Grape<\/p>\n<ol start=\"3\">\n<li><b><\/b><strong><b>Blueberry Ice\/Raspberry Lemon\/Past\u00e8que Bubblegum<\/b><\/strong><\/li>\n<\/ol>\n<p>Blueberry Ice Raspberry Lemon\/Watermelon Bubblegum Blueberry Ice\/Watermelon Bubblegum Raspberry Lemon<\/p>\n<ol start=\"4\">\n<li><b><\/b><strong><b>Blueberries Raspberries\/Sour Pineapples Oranges\/Raspberries Past\u00e8ques<\/b><\/strong><\/li>\n<\/ol>\n<p>Blueberries Raspberries Sour Pineapples Oranges\/Blueberries Raspberries Watermelons\/Sour Pineapples Oranges Raspberries Watermelon<\/p>\n<ol start=\"5\">\n<li><b><\/b><strong><b>Grape Ice\/Mango Peach\/Past\u00e8que Blueberry<\/b><\/strong><\/li>\n<\/ol>\n<p>Grape Ice Mango Peach\/Blueberry Watermelon Grape Ice\/Blueberry Watermelon\/Mango Peach<\/p>\n<ol start=\"6\">\n<li><b><\/b><strong><b>Strawberry Ice\/Peach Lemon\/Kiwi Passion Fruit Guava<\/b><\/strong><\/li>\n<\/ol>\n<p>Strawberry Ice Peach Lemon\/Kiwi Passion Fruit Guava Strawberry Ice\/Kiwi Passion Fruit Guava\/Peach Lemon<\/p>\n<ol start=\"7\">\n<li><b><\/b><strong><b>Pineapple Coconut\/Blueberry Red Bull\/Watermelon Ice<\/b><\/strong><\/li>\n<\/ol>\n<p>Pineapple Coconut Blueberry Red Bull\/Watermelon Ice Pineapple Coconut\/Watermelon Ice Blueberry Red Bull<\/p>\n<ol start=\"8\">\n<li><b><\/b><strong><b>Fraise Kiwi\/Blueberry Coconut\/Mixed Berry<\/b><\/strong><\/li>\n<\/ol>\n<p>Strawberry Kiwi Blueberry Coconut\/Mixed Berry Strawberry Kiwi\/Mixed Berry Blueberry Coconut<\/p>\n<ol start=\"9\">\n<li><b><\/b><strong><b>Lemon Romance\/Blueberry Raspberry\/Peach Menthol<\/b><\/strong><\/li>\n<\/ol>\n<p>Lemon Romance Blueberry Raspberry\/Peach Menthol Lemon Romance\/Peach Menthol Blueberry Raspberry<\/p>\n<ol start=\"10\">\n<li><b><\/b><strong><b>Peach Ice\/Blackcurrant Pineapple Ice\/Green Apple Kiwi<\/b><\/strong><\/li>\n<\/ol>\n<p>Peach Ice Blackcurrant Pineapple Ice\/Green Apple Kiwi Peach Ice\/Green Apple Kiwi\/Blackcurrant Pineapple Ice<\/p>\n<h3>Plus d'informations<\/h3>\n<p>D\u00e9couvrez notre gamme compl\u00e8te d'e-cigarettes de qualit\u00e9 sur notre <strong><a href=\"https:\/\/www.neovape.de\/fr\/\">Page d'accueil<\/a><\/strong>. Pour un plus grand choix de produits Bang, visitez notre page sp\u00e9ciale \"Bang\". <strong><a href=\"https:\/\/www.neovape.de\/fr\/product-category\/bang-vape\/\">BANG VAPE<\/a><\/strong> page des cat\u00e9gories, o\u00f9 vous trouverez d'autres mod\u00e8les et go\u00fbts innovants.<\/p>","protected":false},"excerpt":{"rendered":"<div>\n<div class=\"grid-cols-1 grid gap-2.5 [&amp;_&gt;_*]:min-w-0 !gap-3.5\">\n<p class=\"whitespace-normal break-words\">Die Bang Leader 110K Einweg E-Zigarette bietet revolution\u00e4re 110.000 Z\u00fcge mit 6-in-1 Geschmacksmodi. Aufladbarer 850mAh Akku, Triple-Mesh-Coil und LED-Display. Type-C Schnellladung und 3 \u00d6ltanks. Erh\u00e4ltlich in 0%, 2%, 3% und 5% Nikotin. 10 Geschmacksoptionen verf\u00fcgbar.<\/p>\n<\/div>\n<\/div>\n<div class=\"h-8\"><\/div>\n","protected":false},"featured_media":1032,"comment_status":"open","ping_status":"closed","template":"","meta":{"_acf_changed":false},"product_brand":[],"product_cat":[22],"product_tag":[],"class_list":{"0":"post-1020","1":"product","2":"type-product","3":"status-publish","4":"has-post-thumbnail","6":"product_cat-bang-vape","8":"first","9":"instock","10":"shipping-taxable","11":"purchasable","12":"product-type-variable"},"acf":[],"_links":{"self":[{"href":"https:\/\/www.neovape.de\/fr\/wp-json\/wp\/v2\/product\/1020","targetHints":{"allow":["GET"]}}],"collection":[{"href":"https:\/\/www.neovape.de\/fr\/wp-json\/wp\/v2\/product"}],"about":[{"href":"https:\/\/www.neovape.de\/fr\/wp-json\/wp\/v2\/types\/product"}],"replies":[{"embeddable":true,"href":"https:\/\/www.neovape.de\/fr\/wp-json\/wp\/v2\/comments?post=1020"}],"wp:featuredmedia":[{"embeddable":true,"href":"https:\/\/www.neovape.de\/fr\/wp-json\/wp\/v2\/media\/1032"}],"wp:attachment":[{"href":"https:\/\/www.neovape.de\/fr\/wp-json\/wp\/v2\/media?parent=1020"}],"wp:term":[{"taxonomy":"product_brand","embeddable":true,"href":"https:\/\/www.neovape.de\/fr\/wp-json\/wp\/v2\/product_brand?post=1020"},{"taxonomy":"product_cat","embeddable":true,"href":"https:\/\/www.neovape.de\/fr\/wp-json\/wp\/v2\/product_cat?post=1020"},{"taxonomy":"product_tag","embeddable":true,"href":"https:\/\/www.neovape.de\/fr\/wp-json\/wp\/v2\/product_tag?post=1020"}],"curies":[{"name":"wp","href":"https:\/\/api.w.org\/{rel}","templated":true}]}}