{"id":319,"date":"2025-09-23T05:22:14","date_gmt":"2025-09-23T03:22:14","guid":{"rendered":"https:\/\/www.neovape.de\/?page_id=319"},"modified":"2025-09-23T05:23:12","modified_gmt":"2025-09-23T03:23:12","slug":"ueber-uns","status":"publish","type":"page","link":"https:\/\/www.neovape.de\/fr\/ueber-uns\/","title":{"rendered":"\u00e0 propos de nous"},"content":{"rendered":"<h1 class=\"wp-block-heading\">\u00c0 propos de nous - Neovape<\/h1>\n\n\n\n<p>Chez Neovape, nous sommes votre fournisseur de confiance d'e-cigarettes jetables de premi\u00e8re qualit\u00e9. Notre entreprise incarne l'excellence, le d\u00e9veloppement avanc\u00e9 et les exp\u00e9riences de vapotage exceptionnelles. L'\u00e9quipe de Neovape se consacre \u00e0 la mission de cr\u00e9er des exp\u00e9riences gustatives de premi\u00e8re classe gr\u00e2ce \u00e0 des produits haut de gamme et \u00e0 une technologie de pointe.<\/p>\n\n\n\n<p>Notre portefeuille comprend des marques de cigarettes \u00e9lectroniques renomm\u00e9es telles que Randm Tornado, Bang Vape, JNR Vape, Vapme Vape, Elf Box Vape, Uzy Vape, Fizzy Vape, Waspe Vape et Vozol Vape. Vous profitez ainsi de nos conditions de vente en gros tr\u00e8s comp\u00e9titives. Tous les articles proviennent de sources officielles et vous garantissent une qualit\u00e9 sup\u00e9rieure ainsi qu'une exp\u00e9rience d'achat d\u00e9tendue. Que vous soyez un d\u00e9taillant ou un grossiste, Neovape est votre partenaire commercial de confiance.<\/p>\n\n\n\n<p>Notre succ\u00e8s repose sur une compr\u00e9hension approfondie des souhaits des clients et sur une volont\u00e9 d'innovation permanente. Nos sp\u00e9cialistes du d\u00e9veloppement travaillent sans rel\u00e2che sur des produits qui r\u00e9pondent aux crit\u00e8res de s\u00e9curit\u00e9 et de qualit\u00e9 les plus stricts. Les avis des clients sont pr\u00e9cieux pour nous, car ils nous aident \u00e0 optimiser en permanence nos produits et \u00e0 r\u00e9pondre aux exigences changeantes du march\u00e9.<\/p>\n\n\n\n<p>Neovape signifie bien plus qu'un autre produit de vapotage - nous cr\u00e9ons une exp\u00e9rience de vapotage globale. Notre s\u00e9lection de vaporisateurs jetables a \u00e9t\u00e9 con\u00e7ue pour vous offrir des exp\u00e9riences gustatives exceptionnelles. Des saveurs fruit\u00e9es rafra\u00eechissantes aux ar\u00f4mes de tabac traditionnels, chez Neovape, vous d\u00e9couvrirez la vape id\u00e9ale qui d\u00e9passera vos attentes.<\/p>\n\n\n\n<p>Notre exigence de qualit\u00e9 se refl\u00e8te \u00e9galement dans nos installations de production modernes, o\u00f9 chaque produit Neovape est fabriqu\u00e9 avec la plus grande pr\u00e9cision et la plus grande attention. La durabilit\u00e9 et la responsabilit\u00e9 environnementale sont importantes pour nous, c'est pourquoi nos vapes jetables sont con\u00e7ues dans le respect de l'environnement et r\u00e9pondent aux directives environnementales en vigueur.<\/p>\n\n\n\n<p>Nous sommes reconnaissants de la confiance que vous accordez \u00e0 Neovape et nous nous r\u00e9jouissons de vous aider \u00e0 vivre votre exp\u00e9rience de vapotage. D\u00e9couvrez le monde de Neovape - o\u00f9 l'excellence, l'innovation et les exp\u00e9riences gustatives exceptionnelles se rencontrent.<\/p>\n\n\n\n<p>Votre \u00e9quipe Neovape<br>Courrier \u00e9lectronique : helmuarnho101@gmail.com<\/p>","protected":false},"excerpt":{"rendered":"<p>\u00dcber uns &#8211; Neovape Bei Neovape sind wir Ihr vertrauensvoller Anbieter f\u00fcr erstklassige Einweg-E-Zigaretten. Unser Unternehmen verk\u00f6rpert Exzellenz, fortschrittliche Entwicklung und au\u00dfergew\u00f6hnliche Dampferfahrungen. Das Team von Neovape widmet sich der Mission, erstklassige Geschmackserlebnisse durch premium Produkte und modernste Technologie zu schaffen. Unser Portfolio umfasst renommierte E-Zigarettenmarken wie Randm Tornado, Bang Vape, JNR Vape, Vapme Vape, [&#8230;]\n","protected":false},"author":1,"featured_media":0,"parent":0,"menu_order":0,"comment_status":"closed","ping_status":"closed","template":"","meta":{"_acf_changed":false,"footnotes":""},"class_list":["post-319","page","type-page","status-publish","hentry"],"acf":[],"_links":{"self":[{"href":"https:\/\/www.neovape.de\/fr\/wp-json\/wp\/v2\/pages\/319","targetHints":{"allow":["GET"]}}],"collection":[{"href":"https:\/\/www.neovape.de\/fr\/wp-json\/wp\/v2\/pages"}],"about":[{"href":"https:\/\/www.neovape.de\/fr\/wp-json\/wp\/v2\/types\/page"}],"author":[{"embeddable":true,"href":"https:\/\/www.neovape.de\/fr\/wp-json\/wp\/v2\/users\/1"}],"replies":[{"embeddable":true,"href":"https:\/\/www.neovape.de\/fr\/wp-json\/wp\/v2\/comments?post=319"}],"version-history":[{"count":2,"href":"https:\/\/www.neovape.de\/fr\/wp-json\/wp\/v2\/pages\/319\/revisions"}],"predecessor-version":[{"id":322,"href":"https:\/\/www.neovape.de\/fr\/wp-json\/wp\/v2\/pages\/319\/revisions\/322"}],"wp:attachment":[{"href":"https:\/\/www.neovape.de\/fr\/wp-json\/wp\/v2\/media?parent=319"}],"curies":[{"name":"wp","href":"https:\/\/api.w.org\/{rel}","templated":true}]}}