{"id":4079,"date":"2025-11-04T09:32:21","date_gmt":"2025-11-04T08:32:21","guid":{"rendered":"https:\/\/www.neovape.de\/?post_type=product&#038;p=4079"},"modified":"2025-11-04T09:38:15","modified_gmt":"2025-11-04T08:38:15","slug":"spaceman-sp40000","status":"publish","type":"product","link":"https:\/\/www.neovape.de\/en\/product\/spaceman-sp40000\/","title":{"rendered":"Spaceman SP40000"},"content":{"rendered":"<h2>SMOK Spaceman SP40000 E-Zigarette mit 40.000 Z\u00fcgen<\/h2>\n<p>Die Spaceman SP40000 bietet bis zu 40.000 Z\u00fcge mit einer 20-ml-Liquidkapazit\u00e4t und 2% Nikotinst\u00e4rke. Das Ger\u00e4t verf\u00fcgt \u00fcber vier einstellbare Leistungsstufen (10-26 Watt), Dual-Mesh-Coils und ein digitales Display zur Anzeige von Liquidstand und Akkustatus. Mit Ice\/Nikotin-Regulierung, einem wiederaufladbaren 1000-mAh-Akku und USB-C-Aufladung vereint die E-Zigarette individuell anpassbare Leistung mit langanhaltender Benutzerfreundlichkeit.<\/p>\n<p><img decoding=\"async\" class=\"alignnone size-medium wp-image-4109\" src=\"https:\/\/www.neovape.de\/wp-content\/uploads\/2025\/11\/\u5fae\u4fe1\u56fe\u7247_20251104160834-710x400.png\" alt=\"Spaceman SP40000\" width=\"710\" height=\"400\" srcset=\"https:\/\/www.neovape.de\/wp-content\/uploads\/2025\/11\/\u5fae\u4fe1\u56fe\u7247_20251104160834-710x400.png 710w, https:\/\/www.neovape.de\/wp-content\/uploads\/2025\/11\/\u5fae\u4fe1\u56fe\u7247_20251104160834-1400x788.png 1400w, https:\/\/www.neovape.de\/wp-content\/uploads\/2025\/11\/\u5fae\u4fe1\u56fe\u7247_20251104160834-768x432.png 768w, https:\/\/www.neovape.de\/wp-content\/uploads\/2025\/11\/\u5fae\u4fe1\u56fe\u7247_20251104160834-1536x865.png 1536w, https:\/\/www.neovape.de\/wp-content\/uploads\/2025\/11\/\u5fae\u4fe1\u56fe\u7247_20251104160834-18x10.png 18w, https:\/\/www.neovape.de\/wp-content\/uploads\/2025\/11\/\u5fae\u4fe1\u56fe\u7247_20251104160834-600x338.png 600w, https:\/\/www.neovape.de\/wp-content\/uploads\/2025\/11\/\u5fae\u4fe1\u56fe\u7247_20251104160834.png 1920w\" sizes=\"(max-width: 710px) 100vw, 710px\" \/><\/p>\n<h3>Vorteile der Spaceman SP40000:<\/h3>\n<p>Die Spaceman SP40000 E-Zigarette wurde f\u00fcr anspruchsvolle Dampfer entwickelt, die Wert auf Individualisierung, Langlebigkeit und Leistung legen. Mit beeindruckenden 40.000 Z\u00fcgen, 20 ml Liquidkapazit\u00e4t und einstellbaren Nikotin- und Ice-Stufen setzt dieses Produkt neue Ma\u00dfst\u00e4be in Sachen Komfort und Zufriedenheit.<\/p>\n<p>Jedes SP40000-Ger\u00e4t bietet vollst\u00e4ndige Kontrolle. Mit vier einstellbaren Leistungsmodi (10W, 16W, 20W und 26W), anpassbarem Airflow und Echtzeit-\u00dcberwachung \u00fcber ein gro\u00dfes digitales Display k\u00f6nnen Sie Ihre Dampfsession pr\u00e4zise nach Ihren W\u00fcnschen gestalten. Ob Sie dichte Dampfwolken oder einen sanfteren, milderen Zug bevorzugen \u2013 das Dual-Mesh-Coil-System gew\u00e4hrleistet durchgehend konstanten, vollmundigen Geschmack.<\/p>\n<p>Mit einem 1000-mAh-USB-C-wiederaufladbaren Akku h\u00e4lt die SP40000 bei voller Ladung den ganzen Tag. Die dynamische LED-Beleuchtung in Regenbogen-Farbverlauf verleiht dem Ger\u00e4t eine auff\u00e4llige, futuristische Note, w\u00e4hrend die Airflow-Kontrolle an der Unterseite eine perfekte Anpassung von Zugverhalten und Throat Hit erm\u00f6glicht.<\/p>\n<p>Entdecken Sie 15 erstklassige Geschmacksrichtungen, darunter erfrischende Wassermelone Ice, spritzige Pink Lemonade, exotische Sour Mango Honeydew und nostalgisches Root Beer. Egal, welche Vorliebe Sie haben \u2013 die Spaceman SP40000 bietet mit jedem Zug ein geschmackvolles Erlebnis.<\/p>\n<h3>Technische Daten:<\/h3>\n<ul>\n<li>Dual-Mesh-Coils<\/li>\n<li>Fester Airflow<\/li>\n<li>Anzahl der Z\u00fcge: 40.000 Z\u00fcge<\/li>\n<li>Liquidkapazit\u00e4t: 20 ml<\/li>\n<li>Aufladung: USB-C<\/li>\n<li>Akkukapazit\u00e4t: 1000 mAh<\/li>\n<li>Zugaktiviert<\/li>\n<li>Nikotinst\u00e4rke: 2%<\/li>\n<\/ul>\n<article data-content=\"[{&quot;type&quot;:&quot;block&quot;,&quot;id&quot;:&quot;m52b-1758854808839&quot;,&quot;name&quot;:&quot;paragraph&quot;,&quot;data&quot;:{&quot;version&quot;:1},&quot;nodes&quot;:[{&quot;type&quot;:&quot;text&quot;,&quot;id&quot;:&quot;3pe7-1758854808838&quot;,&quot;leaves&quot;:[{&quot;text&quot;:&quot;Mehr\u00a0SMOK\u00a0VAPE\u00a0bei\u00a0Neovape\u00a0entdecken&quot;,&quot;marks&quot;:[]}]}],&quot;state&quot;:{}}]\">\n<h3>Mehr SMOK VAPE bei Neovape entdecken<\/h3>\n<\/article>\n<p>Entdecken Sie die Spaceman SP40000 und weitere hochwertige Dampfprodukte bei <strong><a href=\"https:\/\/www.neovape.de\/\">NeoVape<\/a><\/strong>. In unserem umfangreichen Sortiment finden Sie eine gro\u00dfe Auswahl an innovativen E-Zigaretten. Besuchen Sie unsere <strong><a href=\"https:\/\/www.neovape.de\/product-category\/smok-vape\/\">SMOK Vape Kategorie<\/a><\/strong>, um weitere erstklassige SMOK-Produkte zu entdecken, die durch Qualit\u00e4t, Leistung und au\u00dfergew\u00f6hnlichen Geschmack \u00fcberzeugen.<\/p>\n","protected":false},"excerpt":{"rendered":"<p class=\"whitespace-normal break-words\">The SMOK Spaceman SP40000 offers 40,000 puffs with 20 ml e-liquid and 2% nicotine. Four power levels (10-26W), dual mesh coils and adjustable airflow enable individual vaping experiences. The digital display shows the battery status and liquid level. The 1000 mAh battery charges via USB-C - versatile and long-lasting.<\/p>","protected":false},"featured_media":4096,"comment_status":"open","ping_status":"closed","template":"","meta":{"_acf_changed":false},"product_brand":[],"product_cat":[30],"product_tag":[],"class_list":{"0":"post-4079","1":"product","2":"type-product","3":"status-publish","4":"has-post-thumbnail","6":"product_cat-smok-vape","8":"first","9":"instock","10":"shipping-taxable","11":"purchasable","12":"product-type-variable"},"acf":[],"_links":{"self":[{"href":"https:\/\/www.neovape.de\/en\/wp-json\/wp\/v2\/product\/4079","targetHints":{"allow":["GET"]}}],"collection":[{"href":"https:\/\/www.neovape.de\/en\/wp-json\/wp\/v2\/product"}],"about":[{"href":"https:\/\/www.neovape.de\/en\/wp-json\/wp\/v2\/types\/product"}],"replies":[{"embeddable":true,"href":"https:\/\/www.neovape.de\/en\/wp-json\/wp\/v2\/comments?post=4079"}],"wp:featuredmedia":[{"embeddable":true,"href":"https:\/\/www.neovape.de\/en\/wp-json\/wp\/v2\/media\/4096"}],"wp:attachment":[{"href":"https:\/\/www.neovape.de\/en\/wp-json\/wp\/v2\/media?parent=4079"}],"wp:term":[{"taxonomy":"product_brand","embeddable":true,"href":"https:\/\/www.neovape.de\/en\/wp-json\/wp\/v2\/product_brand?post=4079"},{"taxonomy":"product_cat","embeddable":true,"href":"https:\/\/www.neovape.de\/en\/wp-json\/wp\/v2\/product_cat?post=4079"},{"taxonomy":"product_tag","embeddable":true,"href":"https:\/\/www.neovape.de\/en\/wp-json\/wp\/v2\/product_tag?post=4079"}],"curies":[{"name":"wp","href":"https:\/\/api.w.org\/{rel}","templated":true}]}}